{"id":78,"date":"2018-01-10T15:37:28","date_gmt":"2018-01-10T14:37:28","guid":{"rendered":"http:\/\/3p-automation.it-fabrik.net\/?page_id=78"},"modified":"2020-02-19T13:28:57","modified_gmt":"2020-02-19T12:28:57","slug":"stell-und-regelantriebe","status":"publish","type":"page","link":"https:\/\/www.3p-automation.de\/de\/systeme-produkte\/stell-und-regelantriebe\/","title":{"rendered":"Stell- und Regelantriebe"},"content":{"rendered":"[vc_row type=&#8220;in_container&#8220; full_screen_row_position=&#8220;middle&#8220; column_margin=&#8220;default&#8220; scene_position=&#8220;center&#8220; text_color=&#8220;dark&#8220; text_align=&#8220;left&#8220; overlay_strength=&#8220;0.3&#8243; shape_divider_position=&#8220;bottom&#8220; bg_image_animation=&#8220;none&#8220;][vc_column column_padding=&#8220;no-extra-padding&#8220; column_padding_position=&#8220;all&#8220; background_color_opacity=&#8220;1&#8243; background_hover_color_opacity=&#8220;1&#8243; column_link_target=&#8220;_self&#8220; column_shadow=&#8220;none&#8220; column_border_radius=&#8220;none&#8220; width=&#8220;1\/1&#8243; tablet_width_inherit=&#8220;default&#8220; tablet_text_alignment=&#8220;default&#8220; phone_text_alignment=&#8220;default&#8220; overlay_strength=&#8220;0.3&#8243; column_border_width=&#8220;none&#8220; column_border_style=&#8220;solid&#8220; bg_image_animation=&#8220;none&#8220;]\n\t\t\t\t<p class=\"rs-p-wp-fix\"><\/p>\n\t\t\t\t<sr7-module data-alias=\"stell-und-regelantriebe\" data-id=\"21\" id=\"SR7_21_1\" class=\"rs-ov-hidden\" data-version=\"6.7.52\">\n\t\t\t\t\t<sr7-adjuster><\/sr7-adjuster>\n\t\t\t\t\t<sr7-content>\n\t\t\t\t\t\t<sr7-slide id=\"SR7_21_1-20\" data-key=\"20\">\n\t\t\t\t\t\t\t<sr7-bg id=\"SR7_21_1-20-4\" class=\"sr7-layer\"><noscript><img decoding=\"async\" src=\"https:\/\/www.3p-automation.de\/wp-content\/uploads\/hintergrund_03.jpg\" alt=\"\" title=\"hintergrund_03\"><\/noscript><\/sr7-bg>\n\t\t\t\t\t\t\t<h1 id=\"SR7_21_1-20-2\" class=\"sr7-layer\">STELL- UND REGELANTRIEBE<\/h1>\n\t\t\t\t\t\t\t<h2 id=\"SR7_21_1-20-3\" class=\"sr7-layer\">Von Schoppe & Faeser (S&F), Hartmann & Braun (H&B) und ABB<\/h2>\n\t\t\t\t\t\t<\/sr7-slide>\n\t\t\t\t\t<\/sr7-content>\n\t\t\t\t\t<image_lists style=\"display:none\">\n\t\t\t\t\t\t<img data-src=\"\/\/www.3p-automation.de\/wp-content\/uploads\/hintergrund_03.jpg\" width=\"0\" height=\"0\" data-dbsrc=\"Ly93d3cuM3AtYXV0b21hdGlvbi5kZS93cC1jb250ZW50L3VwbG9hZHMvaGludGVyZ3J1bmRfMDMuanBn\"\/>\n\t\t\t\t\t<\/image_lists>\n\t\t\t\t<\/sr7-module>\n\t\t\t\t<script>\n\t\t\t\t\twindow.SR7 ??={};SR7.PMH ??={}; SR7.PMH[\"SR7_21_1\"] = {cn:100,state:false,fn: function() { if (window._tpt!==undefined && window._tpt.prepareModuleHeight !== undefined) {  _tpt.prepareModuleHeight({id:\"SR7_21_1\",type:'standard',shdw:'0',gh:[400,400,400,460,420],gw:[1425,1425,1024,778,480],vpt:['-200px&#039;,&#039;-200px&#039;,&#039;-200px&#039;,&#039;-200px&#039;,&#039;-200px'],size:{fullWidth:false, fullHeight:false},mh:'0',onh:0,onw:0,bg:{color:'{\"orig\":\"transparent\",\"type\":\"solid\",\"string\":\"transparent\"}'},plType:'0',plColor:'#FFFFFF'});   SR7.PMH[\"SR7_21_1\"].state=true;} else if(SR7.PMH[\"SR7_21_1\"].cn-->0)\tsetTimeout( SR7.PMH[\"SR7_21_1\"].fn,19);}};SR7.PMH[\"SR7_21_1\" ].fn();\n\t\t\t\t<\/script>\n[\/vc_column][\/vc_row][vc_row type=&#8220;in_container&#8220; full_screen_row_position=&#8220;middle&#8220; column_margin=&#8220;default&#8220; scene_position=&#8220;center&#8220; text_color=&#8220;light&#8220; text_align=&#8220;left&#8220; overlay_strength=&#8220;0.3&#8243; shape_divider_position=&#8220;bottom&#8220; bg_image_animation=&#8220;none&#8220; shape_type=&#8220;&#8220;][vc_column column_padding=&#8220;padding-6-percent&#8220; column_padding_position=&#8220;all&#8220; background_color=&#8220;#223d66&#8243; background_color_opacity=&#8220;1&#8243; background_hover_color_opacity=&#8220;1&#8243; column_link_target=&#8220;_self&#8220; column_shadow=&#8220;none&#8220; column_border_radius=&#8220;none&#8220; width=&#8220;1\/2&#8243; tablet_width_inherit=&#8220;default&#8220; tablet_text_alignment=&#8220;default&#8220; phone_text_alignment=&#8220;default&#8220; overlay_strength=&#8220;0.3&#8243; column_border_width=&#8220;none&#8220; column_border_style=&#8220;solid&#8220; bg_image_animation=&#8220;none&#8220;][vc_column_text]\n<h2 class=\"hsmall\">Die 3P Automation Materialliste f\u00fcr Stell- und Regelantriebe. Das umfangreiche Angebot an Stell- und Regelantrieben f\u00fcr Automatisierungsprozesse<\/h2>\n<p>Hier finden Sie das vollst\u00e4ndige Angebot von 3P Automation im Bereich der Stell- und Regelantriebe in Automatisierungsprozessen der Hersteller Schoppe &amp; Faeser (S&amp;F), Hartmann &amp; Braun (H&amp;B) und ABB. In unserer Materialliste f\u00fchren wir Ihnen alle unsere Produkte auf, zu denen Sie uns gerne kontaktieren k\u00f6nnen, um weitere Details sowie individuelle Preisinformationen zu erhalten.<\/p>\n<p>Die general\u00fcberholten Antriebe von 3P Automation erm\u00f6glichen Ihnen einen 1:1-Austausch (plug&amp;play) Ihrer vorhandenen Antriebe, ohne einen l\u00e4ngeren Produktionsstillstand hinnehmen zu m\u00fcssen. Au\u00dferdem entfallen umfangreiche Anpassungsma\u00dfnahmen in der bestehenden Installation. So profitieren Sie von einer deutlichen Zeit- und Kostenersparnis!<\/p>\n<p>Stell- und Regelantriebe von Schoppe &amp; Faeser (S&amp;F), Hartmann &amp; Braun (H&amp;B) und ABB:[\/vc_column_text][\/vc_column][vc_column centered_text=&#8220;true&#8220; column_padding=&#8220;no-extra-padding&#8220; column_padding_position=&#8220;all&#8220; background_color_opacity=&#8220;1&#8243; background_hover_color_opacity=&#8220;0.2&#8243; column_link_target=&#8220;_self&#8220; column_shadow=&#8220;none&#8220; column_border_radius=&#8220;none&#8220; width=&#8220;1\/2&#8243; tablet_width_inherit=&#8220;default&#8220; tablet_text_alignment=&#8220;center&#8220; phone_text_alignment=&#8220;center&#8220; overlay_strength=&#8220;0.3&#8243; column_border_width=&#8220;none&#8220; column_border_style=&#8220;dotted&#8220; bg_image_animation=&#8220;none&#8220;][vc_column_text]\n<div class=\"table-nav-head\">W\u00e4hlen Sie eine Kategorie<\/div>\n<div class=\"table-nav\">\n<nav>\n<ul>\n<li><a href=\"#antriebstyp\">Antriebstyp<\/a><\/li>\n<li><a href=\"#motortyp\">Motortyp<\/a><\/li>\n<li><a href=\"#stellungsgeber\">Stellungsgeber<\/a><\/li>\n<li><a href=\"#leistungselektronik\">Leistungselektronik<\/a><\/li>\n<\/ul>\n<\/nav>\n<\/div>\n[\/vc_column_text][vc_column_text]\n<table id=\"antriebstyp\" class=\"blueTable\">\n<thead>\n<tr>\n<td><strong>Antriebstyp<\/strong><\/td>\n<\/tr>\n<\/thead>\n<tbody>\n<tr>\n<td>RH 10-30 C<\/td>\n<\/tr>\n<tr>\n<td>RH 10-60 C<\/td>\n<\/tr>\n<tr>\n<td>RH 125-30 T<\/td>\n<\/tr>\n<tr>\n<td>RH 25-30 T<\/td>\n<\/tr>\n<tr>\n<td>RH 400-30 T<\/td>\n<\/tr>\n<tr>\n<td>RH 400-30 T<\/td>\n<\/tr>\n<tr>\n<td>RH 400-30 T<\/td>\n<\/tr>\n<tr>\n<td>RH 4-60<\/td>\n<\/tr>\n<tr>\n<td>RH 4-60 K<\/td>\n<\/tr>\n<tr>\n<td>RH 5-15 T<\/td>\n<\/tr>\n<tr>\n<td>RH 5-30 C<\/td>\n<\/tr>\n<tr>\n<td>RH 5-30 C Ex<\/td>\n<\/tr>\n<tr>\n<td>RH 5-30 T<\/td>\n<\/tr>\n<tr>\n<td>RH 60-10 T<\/td>\n<\/tr>\n<tr>\n<td>RH 60-30 T<\/td>\n<\/tr>\n<tr>\n<td>RH 60-60 T<\/td>\n<\/tr>\n<tr>\n<td>RH 8-30 T<\/td>\n<\/tr>\n<tr>\n<td>RH10-30 C<\/td>\n<\/tr>\n<tr>\n<td>RH10-30 T<\/td>\n<\/tr>\n<tr>\n<td>RHA 1250-35 T<\/td>\n<\/tr>\n<tr>\n<td>RHA 2500-25 T<\/td>\n<\/tr>\n<tr>\n<td>RHA 2500-45 T<\/td>\n<\/tr>\n<tr>\n<td>RHA 2500-45 T + 2.5E<\/td>\n<\/tr>\n<tr>\n<td>RHA 2500-70 T<\/td>\n<\/tr>\n<tr>\n<td>RHA 250-30 C<\/td>\n<\/tr>\n<tr>\n<td>RHA 250-30 T<\/td>\n<\/tr>\n<tr>\n<td>RHA 4000-40 T<\/td>\n<\/tr>\n<tr>\n<td>RHA 4000-70 T<\/td>\n<\/tr>\n<tr>\n<td>RHA 500-60 T<\/td>\n<\/tr>\n<tr>\n<td>RHA 800-15 T<\/td>\n<\/tr>\n<tr>\n<td>RHA 800-35 C<\/td>\n<\/tr>\n<tr>\n<td>RHC 250-60<\/td>\n<\/tr>\n<tr>\n<td>RHC 25-30<\/td>\n<\/tr>\n<tr>\n<td>RHD 250-10<\/td>\n<\/tr>\n<tr>\n<td>RS 100-0,8 T<\/td>\n<\/tr>\n<tr>\n<td>RS 100-1,5 T<\/td>\n<\/tr>\n<tr>\n<td>RS 10-1,3 T Ex<\/td>\n<\/tr>\n<tr>\n<td>RS 10-3,0 T<\/td>\n<\/tr>\n<tr>\n<td>RS 10-3,0T Ex<\/td>\n<\/tr>\n<tr>\n<td>RS 20-1,5 T<\/td>\n<\/tr>\n<tr>\n<td>RS 20-4,0 T<\/td>\n<\/tr>\n<tr>\n<td>RS 4-0,5 C<\/td>\n<\/tr>\n<tr>\n<td>RS 4-1,0 C<\/td>\n<\/tr>\n<tr>\n<td>RS 50-1,5 T<\/td>\n<\/tr>\n<tr>\n<td>RSB 20-2,5\/100<\/td>\n<\/tr>\n<tr>\n<td>RSD 100-1,5\/150<\/td>\n<\/tr>\n<tr>\n<td>RSD 20-5 0\/100<\/td>\n<\/tr>\n<tr>\n<td>RST 10-60 C<\/td>\n<\/tr>\n<tr>\n<td>RST 12-10 T<\/td>\n<\/tr>\n<tr>\n<td>RST 125-60 T<\/td>\n<\/tr>\n<tr>\n<td>RST 200-30 T + 2.5E<\/td>\n<\/tr>\n<tr>\n<td>RST 25-30 T<\/td>\n<\/tr>\n<tr>\n<td>RST 5-30 C<\/td>\n<\/tr>\n<tr>\n<td>RST 60-10T<\/td>\n<\/tr>\n<tr>\n<td>RST 60-30 T<\/td>\n<\/tr>\n<tr>\n<td>RST 8-30 T<\/td>\n<\/tr>\n<tr>\n<td>ST 60 \/30 F38<\/td>\n<\/tr>\n<tr>\n<td>ST 60-30 C<\/td>\n<\/tr>\n<tr>\n<td>ST 60-30 T<\/td>\n<\/tr>\n<tr>\n<td>ST 8-30 T<\/td>\n<\/tr>\n<\/tbody>\n<\/table>\n[\/vc_column_text][vc_column_text]\n<table id=\"motortyp\" class=\"blueTable\">\n<thead>\n<tr>\n<td style=\"width: 30%;\"><strong>Motortyp<\/strong><\/td>\n<\/tr>\n<\/thead>\n<tbody>\n<tr>\n<td>Motor M 023B<\/td>\n<\/tr>\n<tr>\n<td>Motor M063B<\/td>\n<\/tr>\n<tr>\n<td>Motor M163LT<\/td>\n<\/tr>\n<tr>\n<td>Motor M163T<\/td>\n<\/tr>\n<tr>\n<td>Motor M403LT<\/td>\n<\/tr>\n<tr>\n<td>Motor M753LT<\/td>\n<\/tr>\n<tr>\n<td>Motor M1203LT<\/td>\n<\/tr>\n<tr>\n<td>Motor M2403LT<\/td>\n<\/tr>\n<tr>\n<td>Motor MP2403LT<\/td>\n<\/tr>\n<\/tbody>\n<\/table>\n[\/vc_column_text][vc_column_text]\n<table id=\"stellungsgeber\" class=\"blueTable\">\n<thead>\n<tr>\n<td style=\"width: 30%;\"><strong>Stellungsgeber<\/strong><\/td>\n<\/tr>\n<\/thead>\n<tbody>\n<tr>\n<td>S2 (2-Leiter)<\/td>\n<\/tr>\n<tr>\n<td>S4 (4-Leiter)<\/td>\n<\/tr>\n<\/tbody>\n<\/table>\n[\/vc_column_text][vc_column_text]\n<table id=\"leistungselektronik\" class=\"blueTable\">\n<thead>\n<tr>\n<td style=\"width: 30%;\"><strong>Leistungselektronik<\/strong><\/td>\n<\/tr>\n<\/thead>\n<tbody>\n<tr>\n<td>KE3<\/td>\n<\/tr>\n<tr>\n<td>PE01<\/td>\n<\/tr>\n<tr>\n<td>EBN 851 H<\/td>\n<\/tr>\n<tr>\n<td>EBN 853<\/td>\n<\/tr>\n<\/tbody>\n<\/table>\n[\/vc_column_text][\/vc_column][\/vc_row][vc_row type=&#8220;in_container&#8220; full_screen_row_position=&#8220;middle&#8220; column_margin=&#8220;default&#8220; bg_color=&#8220;#ffffff&#8220; scene_position=&#8220;center&#8220; text_color=&#8220;light&#8220; text_align=&#8220;left&#8220; overlay_strength=&#8220;0.8&#8243; shape_divider_position=&#8220;bottom&#8220; bg_image_animation=&#8220;none&#8220; shape_type=&#8220;&#8220;][vc_column column_padding=&#8220;padding-5-percent&#8220; column_padding_position=&#8220;all&#8220; background_color=&#8220;#eaeaeb&#8220; background_color_opacity=&#8220;1&#8243; background_color_hover=&#8220;#e5e5e5&#8243; background_hover_color_opacity=&#8220;1&#8243; column_link_target=&#8220;_self&#8220; column_shadow=&#8220;none&#8220; column_border_radius=&#8220;none&#8220; width=&#8220;1\/1&#8243; tablet_width_inherit=&#8220;default&#8220; tablet_text_alignment=&#8220;default&#8220; phone_text_alignment=&#8220;default&#8220; overlay_strength=&#8220;0.3&#8243; column_border_width=&#8220;none&#8220; column_border_color=&#8220;#223d66&#8243; column_border_style=&#8220;solid&#8220; bg_image_animation=&#8220;none&#8220;][vc_row_inner column_margin=&#8220;default&#8220; text_align=&#8220;left&#8220;][vc_column_inner column_padding=&#8220;no-extra-padding&#8220; column_padding_position=&#8220;all&#8220; background_color_opacity=&#8220;1&#8243; background_hover_color_opacity=&#8220;1&#8243; column_shadow=&#8220;none&#8220; column_border_radius=&#8220;none&#8220; column_link_target=&#8220;_self&#8220; width=&#8220;1\/3&#8243; tablet_width_inherit=&#8220;default&#8220; overlay_strength=&#8220;0.3&#8243; column_border_width=&#8220;none&#8220; column_border_style=&#8220;solid&#8220; bg_image_animation=&#8220;none&#8220;][image_with_animation image_url=&#8220;18&#8243; alignment=&#8220;center&#8220; animation=&#8220;Fade In&#8220; hover_animation=&#8220;none&#8220; border_radius=&#8220;none&#8220; box_shadow=&#8220;none&#8220; image_loading=&#8220;default&#8220; max_width=&#8220;100%&#8220; max_width_mobile=&#8220;default&#8220;][\/vc_column_inner][vc_column_inner column_padding=&#8220;no-extra-padding&#8220; column_padding_position=&#8220;all&#8220; background_color_opacity=&#8220;1&#8243; background_hover_color_opacity=&#8220;1&#8243; column_shadow=&#8220;none&#8220; column_border_radius=&#8220;none&#8220; column_link_target=&#8220;_self&#8220; width=&#8220;2\/3&#8243; tablet_width_inherit=&#8220;default&#8220; overlay_strength=&#8220;0.3&#8243; column_border_width=&#8220;none&#8220; column_border_style=&#8220;solid&#8220; bg_image_animation=&#8220;none&#8220;][vc_column_text el_class=&#8220;higlight01&#8243;]\n<h2 class=\"hmedium color03\">Sie haben Fragen zu unserem Dienstleistungsangebot und unseren Produkten?<\/h2>\n[divider line_type=&#8220;No Line&#8220; custom_height=&#8220;25&#8243;]\n<a class=\"nectar-button n-sc-button large extra-color-1 regular-button\"  href=\"\/kontakt\/\" data-color-override=\"false\" data-hover-color-override=\"false\" data-hover-text-color-override=\"#fff\"><span>Kontaktieren Sie uns!<\/span><\/a>[\/vc_column_text][\/vc_column_inner][\/vc_row_inner][\/vc_column][\/vc_row]\n","protected":false},"excerpt":{"rendered":"<p>[vc_row type=&#8220;in_container&#8220; full_screen_row_position=&#8220;middle&#8220; column_margin=&#8220;default&#8220; scene_position=&#8220;center&#8220; text_color=&#8220;dark&#8220; text_align=&#8220;left&#8220; overlay_strength=&#8220;0.3&#8243; shape_divider_position=&#8220;bottom&#8220; bg_image_animation=&#8220;none&#8220;][vc_column column_padding=&#8220;no-extra-padding&#8220; column_padding_position=&#8220;all&#8220; background_color_opacity=&#8220;1&#8243; background_hover_color_opacity=&#8220;1&#8243; column_link_target=&#8220;_self&#8220; column_shadow=&#8220;none&#8220; column_border_radius=&#8220;none&#8220; width=&#8220;1\/1&#8243; tablet_width_inherit=&#8220;default&#8220; tablet_text_alignment=&#8220;default&#8220; phone_text_alignment=&#8220;default&#8220; overlay_strength=&#8220;0.3&#8243; column_border_width=&#8220;none&#8220; column_border_style=&#8220;solid&#8220; bg_image_animation=&#8220;none&#8220;][\/vc_column][\/vc_row][vc_row type=&#8220;in_container&#8220; full_screen_row_position=&#8220;middle&#8220; column_margin=&#8220;default&#8220; scene_position=&#8220;center&#8220; text_color=&#8220;light&#8220;&#8230;<\/p>\n","protected":false},"author":1,"featured_media":0,"parent":30,"menu_order":0,"comment_status":"closed","ping_status":"closed","template":"","meta":{"footnotes":""},"class_list":["post-78","page","type-page","status-publish"],"yoast_head":"<!-- This site is optimized with the Yoast SEO plugin v27.2 - https:\/\/yoast.com\/product\/yoast-seo-wordpress\/ -->\n<title>Stell- und Regelantriebe - 3P Automation<\/title>\n<meta name=\"robots\" content=\"index, follow, max-snippet:-1, max-image-preview:large, max-video-preview:-1\" \/>\n<link rel=\"canonical\" href=\"https:\/\/www.3p-automation.de\/de\/systeme-produkte\/stell-und-regelantriebe\/\" \/>\n<meta property=\"og:locale\" content=\"de_DE\" \/>\n<meta property=\"og:type\" content=\"article\" \/>\n<meta property=\"og:title\" content=\"Stell- und Regelantriebe - 3P Automation\" \/>\n<meta property=\"og:description\" content=\"[vc_row type=&#8220;in_container&#8220; full_screen_row_position=&#8220;middle&#8220; column_margin=&#8220;default&#8220; scene_position=&#8220;center&#8220; text_color=&#8220;dark&#8220; text_align=&#8220;left&#8220; overlay_strength=&#8220;0.3&#8243; shape_divider_position=&#8220;bottom&#8220; bg_image_animation=&#8220;none&#8220;][vc_column column_padding=&#8220;no-extra-padding&#8220; column_padding_position=&#8220;all&#8220; background_color_opacity=&#8220;1&#8243; background_hover_color_opacity=&#8220;1&#8243; column_link_target=&#8220;_self&#8220; column_shadow=&#8220;none&#8220; column_border_radius=&#8220;none&#8220; width=&#8220;1\/1&#8243; tablet_width_inherit=&#8220;default&#8220; tablet_text_alignment=&#8220;default&#8220; phone_text_alignment=&#8220;default&#8220; overlay_strength=&#8220;0.3&#8243; column_border_width=&#8220;none&#8220; column_border_style=&#8220;solid&#8220; bg_image_animation=&#8220;none&#8220;][\/vc_column][\/vc_row][vc_row type=&#8220;in_container&#8220; full_screen_row_position=&#8220;middle&#8220; column_margin=&#8220;default&#8220; scene_position=&#8220;center&#8220; text_color=&#8220;light&#8220;...\" \/>\n<meta property=\"og:url\" content=\"https:\/\/www.3p-automation.de\/de\/systeme-produkte\/stell-und-regelantriebe\/\" \/>\n<meta property=\"og:site_name\" content=\"3P Automation\" \/>\n<meta property=\"article:modified_time\" content=\"2020-02-19T12:28:57+00:00\" \/>\n<meta name=\"twitter:card\" content=\"summary_large_image\" \/>\n<meta name=\"twitter:label1\" content=\"Gesch\u00e4tzte Lesezeit\" \/>\n\t<meta name=\"twitter:data1\" content=\"5\u00a0Minuten\" \/>\n<script type=\"application\/ld+json\" class=\"yoast-schema-graph\">{\"@context\":\"https:\/\/schema.org\",\"@graph\":[{\"@type\":\"WebPage\",\"@id\":\"https:\/\/www.3p-automation.de\/de\/systeme-produkte\/stell-und-regelantriebe\/\",\"url\":\"https:\/\/www.3p-automation.de\/de\/systeme-produkte\/stell-und-regelantriebe\/\",\"name\":\"Stell- und Regelantriebe - 3P Automation\",\"isPartOf\":{\"@id\":\"https:\/\/www.3p-automation.de\/de\/#website\"},\"datePublished\":\"2018-01-10T14:37:28+00:00\",\"dateModified\":\"2020-02-19T12:28:57+00:00\",\"breadcrumb\":{\"@id\":\"https:\/\/www.3p-automation.de\/de\/systeme-produkte\/stell-und-regelantriebe\/#breadcrumb\"},\"inLanguage\":\"de\",\"potentialAction\":[{\"@type\":\"ReadAction\",\"target\":[\"https:\/\/www.3p-automation.de\/de\/systeme-produkte\/stell-und-regelantriebe\/\"]}]},{\"@type\":\"BreadcrumbList\",\"@id\":\"https:\/\/www.3p-automation.de\/de\/systeme-produkte\/stell-und-regelantriebe\/#breadcrumb\",\"itemListElement\":[{\"@type\":\"ListItem\",\"position\":1,\"name\":\"Startseite\",\"item\":\"https:\/\/www.3p-automation.de\/de\/\"},{\"@type\":\"ListItem\",\"position\":2,\"name\":\"Systeme \/ Produkte\",\"item\":\"https:\/\/www.3p-automation.de\/de\/systeme-produkte\/\"},{\"@type\":\"ListItem\",\"position\":3,\"name\":\"Stell- und Regelantriebe\"}]},{\"@type\":\"WebSite\",\"@id\":\"https:\/\/www.3p-automation.de\/de\/#website\",\"url\":\"https:\/\/www.3p-automation.de\/de\/\",\"name\":\"3P Automation\",\"description\":\"\",\"potentialAction\":[{\"@type\":\"SearchAction\",\"target\":{\"@type\":\"EntryPoint\",\"urlTemplate\":\"https:\/\/www.3p-automation.de\/de\/?s={search_term_string}\"},\"query-input\":{\"@type\":\"PropertyValueSpecification\",\"valueRequired\":true,\"valueName\":\"search_term_string\"}}],\"inLanguage\":\"de\"}]}<\/script>\n<!-- \/ Yoast SEO plugin. -->","yoast_head_json":{"title":"Stell- und Regelantriebe - 3P Automation","robots":{"index":"index","follow":"follow","max-snippet":"max-snippet:-1","max-image-preview":"max-image-preview:large","max-video-preview":"max-video-preview:-1"},"canonical":"https:\/\/www.3p-automation.de\/de\/systeme-produkte\/stell-und-regelantriebe\/","og_locale":"de_DE","og_type":"article","og_title":"Stell- und Regelantriebe - 3P Automation","og_description":"[vc_row type=&#8220;in_container&#8220; full_screen_row_position=&#8220;middle&#8220; column_margin=&#8220;default&#8220; scene_position=&#8220;center&#8220; text_color=&#8220;dark&#8220; text_align=&#8220;left&#8220; overlay_strength=&#8220;0.3&#8243; shape_divider_position=&#8220;bottom&#8220; bg_image_animation=&#8220;none&#8220;][vc_column column_padding=&#8220;no-extra-padding&#8220; column_padding_position=&#8220;all&#8220; background_color_opacity=&#8220;1&#8243; background_hover_color_opacity=&#8220;1&#8243; column_link_target=&#8220;_self&#8220; column_shadow=&#8220;none&#8220; column_border_radius=&#8220;none&#8220; width=&#8220;1\/1&#8243; tablet_width_inherit=&#8220;default&#8220; tablet_text_alignment=&#8220;default&#8220; phone_text_alignment=&#8220;default&#8220; overlay_strength=&#8220;0.3&#8243; column_border_width=&#8220;none&#8220; column_border_style=&#8220;solid&#8220; bg_image_animation=&#8220;none&#8220;][\/vc_column][\/vc_row][vc_row type=&#8220;in_container&#8220; full_screen_row_position=&#8220;middle&#8220; column_margin=&#8220;default&#8220; scene_position=&#8220;center&#8220; text_color=&#8220;light&#8220;...","og_url":"https:\/\/www.3p-automation.de\/de\/systeme-produkte\/stell-und-regelantriebe\/","og_site_name":"3P Automation","article_modified_time":"2020-02-19T12:28:57+00:00","twitter_card":"summary_large_image","twitter_misc":{"Gesch\u00e4tzte Lesezeit":"5\u00a0Minuten"},"schema":{"@context":"https:\/\/schema.org","@graph":[{"@type":"WebPage","@id":"https:\/\/www.3p-automation.de\/de\/systeme-produkte\/stell-und-regelantriebe\/","url":"https:\/\/www.3p-automation.de\/de\/systeme-produkte\/stell-und-regelantriebe\/","name":"Stell- und Regelantriebe - 3P Automation","isPartOf":{"@id":"https:\/\/www.3p-automation.de\/de\/#website"},"datePublished":"2018-01-10T14:37:28+00:00","dateModified":"2020-02-19T12:28:57+00:00","breadcrumb":{"@id":"https:\/\/www.3p-automation.de\/de\/systeme-produkte\/stell-und-regelantriebe\/#breadcrumb"},"inLanguage":"de","potentialAction":[{"@type":"ReadAction","target":["https:\/\/www.3p-automation.de\/de\/systeme-produkte\/stell-und-regelantriebe\/"]}]},{"@type":"BreadcrumbList","@id":"https:\/\/www.3p-automation.de\/de\/systeme-produkte\/stell-und-regelantriebe\/#breadcrumb","itemListElement":[{"@type":"ListItem","position":1,"name":"Startseite","item":"https:\/\/www.3p-automation.de\/de\/"},{"@type":"ListItem","position":2,"name":"Systeme \/ Produkte","item":"https:\/\/www.3p-automation.de\/de\/systeme-produkte\/"},{"@type":"ListItem","position":3,"name":"Stell- und Regelantriebe"}]},{"@type":"WebSite","@id":"https:\/\/www.3p-automation.de\/de\/#website","url":"https:\/\/www.3p-automation.de\/de\/","name":"3P Automation","description":"","potentialAction":[{"@type":"SearchAction","target":{"@type":"EntryPoint","urlTemplate":"https:\/\/www.3p-automation.de\/de\/?s={search_term_string}"},"query-input":{"@type":"PropertyValueSpecification","valueRequired":true,"valueName":"search_term_string"}}],"inLanguage":"de"}]}},"_links":{"self":[{"href":"https:\/\/www.3p-automation.de\/de\/wp-json\/wp\/v2\/pages\/78","targetHints":{"allow":["GET"]}}],"collection":[{"href":"https:\/\/www.3p-automation.de\/de\/wp-json\/wp\/v2\/pages"}],"about":[{"href":"https:\/\/www.3p-automation.de\/de\/wp-json\/wp\/v2\/types\/page"}],"author":[{"embeddable":true,"href":"https:\/\/www.3p-automation.de\/de\/wp-json\/wp\/v2\/users\/1"}],"replies":[{"embeddable":true,"href":"https:\/\/www.3p-automation.de\/de\/wp-json\/wp\/v2\/comments?post=78"}],"version-history":[{"count":32,"href":"https:\/\/www.3p-automation.de\/de\/wp-json\/wp\/v2\/pages\/78\/revisions"}],"predecessor-version":[{"id":1284,"href":"https:\/\/www.3p-automation.de\/de\/wp-json\/wp\/v2\/pages\/78\/revisions\/1284"}],"up":[{"embeddable":true,"href":"https:\/\/www.3p-automation.de\/de\/wp-json\/wp\/v2\/pages\/30"}],"wp:attachment":[{"href":"https:\/\/www.3p-automation.de\/de\/wp-json\/wp\/v2\/media?parent=78"}],"curies":[{"name":"wp","href":"https:\/\/api.w.org\/{rel}","templated":true}]}}