{"id":32,"date":"2018-01-10T15:08:58","date_gmt":"2018-01-10T14:08:58","guid":{"rendered":"http:\/\/3p-automation.it-fabrik.net\/?page_id=32"},"modified":"2020-02-19T10:28:00","modified_gmt":"2020-02-19T09:28:00","slug":"referenzen","status":"publish","type":"page","link":"https:\/\/www.3p-automation.de\/de\/referenzen\/","title":{"rendered":"Referenzen"},"content":{"rendered":"[vc_row type=&#8220;in_container&#8220; full_screen_row_position=&#8220;middle&#8220; column_margin=&#8220;default&#8220; scene_position=&#8220;center&#8220; text_color=&#8220;dark&#8220; text_align=&#8220;left&#8220; overlay_strength=&#8220;0.3&#8243; shape_divider_position=&#8220;bottom&#8220; bg_image_animation=&#8220;none&#8220;][vc_column column_padding=&#8220;no-extra-padding&#8220; column_padding_position=&#8220;all&#8220; background_color_opacity=&#8220;1&#8243; background_hover_color_opacity=&#8220;1&#8243; column_link_target=&#8220;_self&#8220; column_shadow=&#8220;none&#8220; column_border_radius=&#8220;none&#8220; width=&#8220;1\/1&#8243; tablet_width_inherit=&#8220;default&#8220; tablet_text_alignment=&#8220;default&#8220; phone_text_alignment=&#8220;default&#8220; overlay_strength=&#8220;0.3&#8243; column_border_width=&#8220;none&#8220; column_border_style=&#8220;solid&#8220; bg_image_animation=&#8220;none&#8220;]\n\t\t\t\t<p class=\"rs-p-wp-fix\"><\/p>\n\t\t\t\t<sr7-module data-alias=\"referenzen\" data-id=\"23\" id=\"SR7_23_1\" class=\"rs-ov-hidden\" data-version=\"6.7.52\">\n\t\t\t\t\t<sr7-adjuster><\/sr7-adjuster>\n\t\t\t\t\t<sr7-content>\n\t\t\t\t\t\t<sr7-slide id=\"SR7_23_1-21\" data-key=\"21\">\n\t\t\t\t\t\t\t<sr7-bg id=\"SR7_23_1-21-4\" class=\"sr7-layer\"><noscript><img decoding=\"async\" src=\"https:\/\/www.3p-automation.de\/wp-content\/uploads\/hintergrund_01-3.jpg\" alt=\"\" title=\"hintergrund_01\"><\/noscript><\/sr7-bg>\n\t\t\t\t\t\t\t<h1 id=\"SR7_23_1-21-2\" class=\"sr7-layer\">REFERENZEN<\/h1>\n\t\t\t\t\t\t\t<h2 id=\"SR7_23_1-21-3\" class=\"sr7-layer\">\u00dcberzeugen Sie sich<\/h2>\n\t\t\t\t\t\t<\/sr7-slide>\n\t\t\t\t\t<\/sr7-content>\n\t\t\t\t\t<image_lists style=\"display:none\">\n\t\t\t\t\t\t<img data-src=\"\/\/www.3p-automation.de\/wp-content\/uploads\/hintergrund_01-3.jpg\" width=\"0\" height=\"0\" data-dbsrc=\"Ly93d3cuM3AtYXV0b21hdGlvbi5kZS93cC1jb250ZW50L3VwbG9hZHMvaGludGVyZ3J1bmRfMDEtMy5qcGc=\"\/>\n\t\t\t\t\t<\/image_lists>\n\t\t\t\t<\/sr7-module>\n\t\t\t\t<script>\n\t\t\t\t\twindow.SR7 ??={};SR7.PMH ??={}; SR7.PMH[\"SR7_23_1\"] = {cn:100,state:false,fn: function() { if (window._tpt!==undefined && window._tpt.prepareModuleHeight !== undefined) {  _tpt.prepareModuleHeight({id:\"SR7_23_1\",type:'standard',shdw:'0',gh:[400,400,400,460,420],gw:[1425,1425,1024,778,480],vpt:['-200px&#039;,&#039;-200px&#039;,&#039;-200px&#039;,&#039;-200px&#039;,&#039;-200px'],size:{fullWidth:false, fullHeight:false},mh:'0',onh:0,onw:0,bg:{color:'{\"orig\":\"transparent\",\"type\":\"solid\",\"string\":\"transparent\"}'},plType:'0',plColor:'#FFFFFF'});   SR7.PMH[\"SR7_23_1\"].state=true;} else if(SR7.PMH[\"SR7_23_1\"].cn-->0)\tsetTimeout( SR7.PMH[\"SR7_23_1\"].fn,19);}};SR7.PMH[\"SR7_23_1\" ].fn();\n\t\t\t\t<\/script>\n[\/vc_column][\/vc_row][vc_row type=&#8220;in_container&#8220; full_screen_row_position=&#8220;middle&#8220; equal_height=&#8220;yes&#8220; content_placement=&#8220;middle&#8220; column_margin=&#8220;default&#8220; scene_position=&#8220;center&#8220; text_color=&#8220;light&#8220; text_align=&#8220;left&#8220; overlay_strength=&#8220;0.3&#8243; shape_divider_position=&#8220;bottom&#8220; bg_image_animation=&#8220;none&#8220; shape_type=&#8220;&#8220;][vc_column column_padding=&#8220;padding-6-percent&#8220; column_padding_position=&#8220;all&#8220; background_color=&#8220;#223d66&#8243; background_color_opacity=&#8220;1&#8243; background_hover_color_opacity=&#8220;1&#8243; column_link_target=&#8220;_self&#8220; column_shadow=&#8220;none&#8220; column_border_radius=&#8220;none&#8220; width=&#8220;1\/2&#8243; tablet_width_inherit=&#8220;default&#8220; tablet_text_alignment=&#8220;default&#8220; phone_text_alignment=&#8220;default&#8220; overlay_strength=&#8220;0.3&#8243; column_border_width=&#8220;none&#8220; column_border_style=&#8220;solid&#8220; bg_image_animation=&#8220;none&#8220;][vc_column_text]\n<h2 class=\"hsmall\">Internationale Konzerne und mittelst\u00e4ndische Unternehmen \u2013 Unsere Kunden<\/h2>\n<p>Zum Kundenkreis von 3P Automation z\u00e4hlen die unterschiedlichsten Unternehmen. Angefangen vom soliden Mittelstandsunternehmen bis hin zum weltweiten Gro\u00dfkonzern \u2013 3P Automation konnte bisher in den facettenreichsten Branchenzweigen \u00fcberzeugen. Zu unseren wichtigsten Industriesektoren geh\u00f6ren unter anderem die Energiewirtschaft, \u00d6l und Gas, das Transportwesen, der Bausektor sowie Chemie und Stahl. Werfen Sie einen Blick auf einen Auszug unserer Kundenliste und lassen Sie sich von vielen zufriedenen Klienten \u00fcberzeugen.<br \/>\n[\/vc_column_text][\/vc_column][vc_column column_padding=&#8220;padding-3-percent&#8220; column_padding_position=&#8220;all&#8220; background_color=&#8220;#eaeaeb&#8220; background_color_opacity=&#8220;1&#8243; background_hover_color_opacity=&#8220;0.2&#8243; column_link_target=&#8220;_self&#8220; column_shadow=&#8220;none&#8220; column_border_radius=&#8220;none&#8220; width=&#8220;1\/2&#8243; tablet_width_inherit=&#8220;default&#8220; tablet_text_alignment=&#8220;left&#8220; phone_text_alignment=&#8220;left&#8220; overlay_strength=&#8220;0.3&#8243; column_border_width=&#8220;none&#8220; column_border_style=&#8220;dotted&#8220; bg_image_animation=&#8220;none&#8220;][image_with_animation image_url=&#8220;18&#8243; alignment=&#8220;center&#8220; animation=&#8220;None&#8220; hover_animation=&#8220;none&#8220; border_radius=&#8220;none&#8220; box_shadow=&#8220;none&#8220; image_loading=&#8220;default&#8220; max_width=&#8220;100%&#8220; max_width_mobile=&#8220;default&#8220;][\/vc_column][\/vc_row][vc_row type=&#8220;in_container&#8220; full_screen_row_position=&#8220;middle&#8220; column_margin=&#8220;default&#8220; scene_position=&#8220;center&#8220; text_color=&#8220;dark&#8220; text_align=&#8220;left&#8220; overlay_strength=&#8220;0.3&#8243; shape_divider_position=&#8220;bottom&#8220; bg_image_animation=&#8220;none&#8220; shape_type=&#8220;&#8220;][vc_column column_padding=&#8220;no-extra-padding&#8220; column_padding_position=&#8220;all&#8220; background_color_opacity=&#8220;1&#8243; background_hover_color_opacity=&#8220;1&#8243; column_link_target=&#8220;_self&#8220; column_shadow=&#8220;none&#8220; column_border_radius=&#8220;none&#8220; width=&#8220;1\/2&#8243; tablet_width_inherit=&#8220;default&#8220; tablet_text_alignment=&#8220;default&#8220; phone_text_alignment=&#8220;default&#8220; overlay_strength=&#8220;0.3&#8243; column_border_width=&#8220;none&#8220; column_border_color=&#8220;#eaeaeb&#8220; column_border_style=&#8220;solid&#8220; bg_image_animation=&#8220;none&#8220;][vc_raw_html]JTNDdGFibGUlMjBjbGFzcyUzRCUyMmJsdWVUYWJsZSUyMiUzRSUwQSUzQ3RoZWFkJTNFJTBBJTNDdHIlM0UlMEElM0N0ZCUyMHN0eWxlJTNEJTIyd2lkdGglM0EzMCUyNSUyMiUzRSUzQ3N0cm9uZyUzRUt1bmRlJTNDJTJGc3Ryb25nJTNFJTNDJTJGdGQlM0UlMEElM0N0ZCUyMHN0eWxlJTNEJTIyd2lkdGglM0EzMCUyNSUyMiUzRSUzQ3N0cm9uZyUzRUxhbmQlM0MlMkZzdHJvbmclM0UlM0MlMkZ0ZCUzRSUwQSUzQ3RkJTIwc3R5bGUlM0QlMjJ3aWR0aCUzQTQwJTI1JTIyJTNFJTNDc3Ryb25nJTNFQmVyZWljaCUzQyUyRnN0cm9uZyUzRSUzQyUyRnRkJTNFJTBBJTNDJTJGdHIlM0UlMEElM0MlMkZ0aGVhZCUzRSUwQSUzQ3Rib2R5JTNFJTBBJTNDdHIlM0UlMEElM0N0ZCUzRUFCQiUzQyUyRnRkJTNFJTBBJTNDdGQlM0VEZXV0c2NobGFuZCUzQyUyRnRkJTNFJTBBJTNDdGQlM0VTeXN0ZW1saWVmZXJhbnQlM0MlMkZ0ZCUzRSUwQSUzQyUyRnRyJTNFJTBBJTNDdHIlM0UlMEElM0N0ZCUzRUJhYmNvY2slM0MlMkZ0ZCUzRSUwQSUzQ3RkJTNFVkFFJTNDJTJGdGQlM0UlMEElM0N0ZCUzRUVuZXJnaWUlM0MlMkZ0ZCUzRSUwQSUzQyUyRnRyJTNFJTBBJTNDdHIlM0UlMEElM0N0ZCUzRUJBU0YlM0MlMkZ0ZCUzRSUwQSUzQ3RkJTNFRGV1dHNjaGxhbmQlM0MlMkZ0ZCUzRSUwQSUzQ3RkJTNFQ2hlbWllJTNDJTJGdGQlM0UlMEElM0MlMkZ0ciUzRSUwQSUzQ3RyJTNFJTBBJTNDdGQlM0VCaWxmaW5nZXIlMjBNYXVlbGwlM0MlMkZ0ZCUzRSUwQSUzQ3RkJTNFRGV1dHNjaGxhbmQlM0MlMkZ0ZCUzRSUwQSUzQ3RkJTNFRW5lcmdpZSUzQyUyRnRkJTNFJTBBJTNDJTJGdHIlM0UlMEElM0N0ciUzRSUwQSUzQ3RkJTNFQmlvZW5lcmdpZSUyMEVtc2xhbmQlM0MlMkZ0ZCUzRSUwQSUzQ3RkJTNFRGV1dHNjaGxhbmQlM0MlMkZ0ZCUzRSUwQSUzQ3RkJTNFRW5lcmdpZSUzQyUyRnRkJTNFJTBBJTNDJTJGdHIlM0UlMEElM0N0ciUzRSUwQSUzQ3RkJTNFQm9mZmVyZGluZyUzQyUyRnRkJTNFJTBBJTNDdGQlM0VMdXhlbWJ1cmclM0MlMkZ0ZCUzRSUwQSUzQ3RkJTNFQnJhdWVyZWklM0MlMkZ0ZCUzRSUwQSUzQyUyRnRyJTNFJTBBJTNDdHIlM0UlMEElM0N0ZCUzRSVDMyU5OHJzdGVkJTIwJTI4ZWhlbS4lMjBEb25nJTIwRW5lcmd5JTI5JTNDJTJGdGQlM0UlMEElM0N0ZCUzRUQlQzMlQTRuZW1hcmslM0MlMkZ0ZCUzRSUwQSUzQ3RkJTNFRW5lcmdpZSUzQyUyRnRkJTNFJTBBJTNDJTJGdHIlM0UlMEElM0N0ciUzRSUwQSUzQ3RkJTNFRHVrZSUyMEVuZXJneSUzQyUyRnRkJTNFJTBBJTNDdGQlM0VFbCUyMFNhbHZhZG9yJTNDJTJGdGQlM0UlMEElM0N0ZCUzRUVuZXJnaWUlM0MlMkZ0ZCUzRSUwQSUzQyUyRnRyJTNFJTBBJTNDdHIlM0UlMEElM0N0ZCUzRUUuT04lM0MlMkZ0ZCUzRSUwQSUzQ3RkJTNFRGV1dHNjaGxhbmQlM0MlMkZ0ZCUzRSUwQSUzQ3RkJTNFRW5lcmdpZSUzQyUyRnRkJTNFJTBBJTNDJTJGdHIlM0UlMEElM0N0ciUzRSUwQSUzQ3RkJTNFRS5PTiUzQyUyRnRkJTNFJTBBJTNDdGQlM0VGcmFua3JlaWNoJTNDJTJGdGQlM0UlMEElM0N0ZCUzRUVuZXJnaWUlM0MlMkZ0ZCUzRSUwQSUzQyUyRnRyJTNFJTBBJTNDdHIlM0UlMEElM0N0ZCUzRUVsZWN0cm8lMjBTY2hsaW5rJTNDJTJGdGQlM0UlMEElM0N0ZCUzRUx1eGVtYnVyZyUzQyUyRnRkJTNFJTBBJTNDdGQlM0VHZWIlQzMlQTR1ZGVhdXRvbWF0aXNpZXJ1bmclM0MlMkZ0ZCUzRSUwQSUzQyUyRnRyJTNFJTBBJTNDdHIlM0UlMEElM0N0ZCUzRUVtZXJzb24lM0MlMkZ0ZCUzRSUwQSUzQ3RkJTNFRW5nbGFuZCUzQyUyRnRkJTNFJTBBJTNDdGQlM0VTeXN0ZW1saWVmZXJhbnQlM0MlMkZ0ZCUzRSUwQSUzQyUyRnRyJTNFJTBBJTNDdHIlM0UlMEElM0N0ZCUzRUVuZW1hbHRhJTNDJTJGdGQlM0UlMEElM0N0ZCUzRU1hbHRhJTNDJTJGdGQlM0UlMEElM0N0ZCUzRUVuZXJnaWUlM0MlMkZ0ZCUzRSUwQSUzQyUyRnRyJTNFJTBBJTNDdHIlM0UlMEElM0N0ZCUzRUVWJTIwT2ZmZW5iYWNoJTNDJTJGdGQlM0UlMEElM0N0ZCUzRURldXRzY2hsYW5kJTNDJTJGdGQlM0UlMEElM0N0ZCUzRUVuZXJnaWUlM0MlMkZ0ZCUzRSUwQSUzQyUyRnRyJTNFJTBBJTNDdHIlM0UlMEElM0N0ZCUzRUdLJTIwS2llbCUzQyUyRnRkJTNFJTBBJTNDdGQlM0VEZXV0c2NobGFuZCUzQyUyRnRkJTNFJTBBJTNDdGQlM0VFbmVyZ2llJTNDJTJGdGQlM0UlMEElM0MlMkZ0ciUzRSUwQSUzQ3RyJTNFJTBBJTNDdGQlM0VHSyUyMFZlbHRoZWltJTNDJTJGdGQlM0UlMEElM0N0ZCUzRURldXRzY2hsYW5kJTNDJTJGdGQlM0UlMEElM0N0ZCUzRUVuZXJnaWUlM0MlMkZ0ZCUzRSUwQSUzQyUyRnRyJTNFJTBBJTNDdHIlM0UlMEElM0N0ZCUzRUhvZm9yJTNDJTJGdGQlM0UlMEElM0N0ZCUzRUQlQzMlQTRuZW1hcmslM0MlMkZ0ZCUzRSUwQSUzQ3RkJTNFRW5lcmdpZSUzQyUyRnRkJTNFJTBBJTNDJTJGdHIlM0UlMEElM0N0ciUzRSUwQSUzQ3RkJTNFSUJCJTNDJTJGdGQlM0UlMEElM0N0ZCUzRURldXRzY2hsYW5kJTNDJTJGdGQlM0UlMEElM0N0ZCUzRUluZ2VuaWV1cmIlQzMlQkNybyUzQyUyRnRkJTNFJTBBJTNDJTJGdHIlM0UlMEElM0N0ciUzRSUwQSUzQ3RkJTNFSiUyNlAlMjBBVkFYJTNDJTJGdGQlM0UlMEElM0N0ZCUzRUdyaWVjaGVubGFuZCUzQyUyRnRkJTNFJTBBJTNDdGQlM0VFbmVyZ2llJTNDJTJGdGQlM0UlMEElM0MlMkZ0ciUzRSUwQSUzQ3RyJTNFJTBBJTNDdGQlM0VKdWxpdXMlMjBTY2h1bHRlJTIwUyVDMyVCNmhuZSUzQyUyRnRkJTNFJTBBJTNDdGQlM0VEZXV0Y2hsYW5kJTNDJTJGdGQlM0UlMEElM0N0ZCUzRVBhcGllciUzQyUyRnRkJTNFJTBBJTNDJTJGdHIlM0UlMEElM0N0ciUzRSUwQSUzQ3RkJTNFTEVBRyUzQyUyRnRkJTNFJTBBJTNDdGQlM0VEZXV0c2NobGFuZCUzQyUyRnRkJTNFJTBBJTNDdGQlM0VBbmxhZ2VuYmF1JTNDJTJGdGQlM0UlMEElM0MlMkZ0ciUzRSUwQSUzQ3RyJTNFJTBBJTNDdGQlM0VMZW50amVzJTNDJTJGdGQlM0UlMEElM0N0ZCUzRURldXRzY2hsYW5kJTNDJTJGdGQlM0UlMEElM0N0ZCUzRUFubGFnZW5iYXUlM0MlMkZ0ZCUzRSUwQSUzQyUyRnRyJTNFJTBBJTNDdHIlM0UlMEElM0N0ZCUzRU1BUkslMjBFJTNDJTJGdGQlM0UlMEElM0N0ZCUzRURldXRzY2hsYW5kJTNDJTJGdGQlM0UlMEElM0N0ZCUzRUVuZXJnaWUlM0MlMkZ0ZCUzRSUwQSUzQyUyRnRyJTNFJTBBJTNDdHIlM0UlMEElM0N0ZCUzRU1haW5vdmElM0MlMkZ0ZCUzRSUwQSUzQ3RkJTNFRGV1dHNjaGxhbmQlM0MlMkZ0ZCUzRSUwQSUzQ3RkJTNFRW5lcmdpZSUzQyUyRnRkJTNFJTBBJTNDJTJGdHIlM0UlMEElM0N0ciUzRSUwQSUzQ3RkJTNFTlVPTiUzQyUyRnRkJTNFJTBBJTNDdGQlM0VOaWVkZXJsYW5kZSUzQyUyRnRkJTNFJTBBJTNDdGQlM0VFbmVyZ2llJTNDJTJGdGQlM0UlMEElM0MlMkZ0ciUzRSUwQSUzQ3RyJTNFJTBBJTNDdGQlM0VSaGVpbiUyMEVuZXJnaWUlM0MlMkZ0ZCUzRSUwQSUzQ3RkJTNFRGV1dHNjaGxhbmQlM0MlMkZ0ZCUzRSUwQSUzQ3RkJTNFRW5lcmdpZSUzQyUyRnRkJTNFJTBBJTNDJTJGdHIlM0UlMEElM0N0ciUzRSUwQSUzQ3RkJTNFUm9ja3dlbGwlM0MlMkZ0ZCUzRSUwQSUzQ3RkJTNFQmVsZ2llbiUzQyUyRnRkJTNFJTBBJTNDdGQlM0VTdGFobCUzQyUyRnRkJTNFJTBBJTNDJTJGdHIlM0UlMEElM0N0ciUzRSUwQSUzQ3RkJTNFUldFJTNDJTJGdGQlM0UlMEElM0N0ZCUzRURldXRzY2hsYW5kJTNDJTJGdGQlM0UlMEElM0N0ZCUzRUVuZXJnaWUlM0MlMkZ0ZCUzRSUwQSUzQyUyRnRyJTNFJTBBJTNDdHIlM0UlMEElM0N0ZCUzRVNhYXJzdGFobCUzQyUyRnRkJTNFJTBBJTNDdGQlM0VEZXV0c2NobGFuZCUzQyUyRnRkJTNFJTBBJTNDdGQlM0VTdGFobCUzQyUyRnRkJTNFJTBBJTNDJTJGdHIlM0UlMEElM0N0ciUzRSUwQSUzQ3RkJTNFU0lDJTNDJTJGdGQlM0UlMEElM0N0ZCUzRUNoaW5hJTNDJTJGdGQlM0UlMEElM0N0ZCUzRVN5c3RlbWxpZWZlcmFudCUzQyUyRnRkJTNFJTBBJTNDJTJGdHIlM0UlMEElM0N0ciUzRSUwQSUzQ3RkJTNFU3RhZHR3ZXJrZSUyMER1aXNidXJnJTNDJTJGdGQlM0UlMEElM0N0ZCUzRURldXRzY2hsYW5kJTNDJTJGdGQlM0UlMEElM0N0ZCUzRUVuZXJnaWUlM0MlMkZ0ZCUzRSUwQSUzQyUyRnRyJTNFJTBBJTNDdHIlM0UlMEElM0N0ZCUzRVN0YWR0d2Vya2UlMjBGcmFua2Z1cnQlMjBPLiUzQyUyRnRkJTNFJTBBJTNDdGQlM0VEZXV0c2NobGFuZCUzQyUyRnRkJTNFJTBBJTNDdGQlM0VFbmVyZ2llJTNDJTJGdGQlM0UlMEElM0MlMkZ0ciUzRSUwQSUzQ3RyJTNFJTBBJTNDdGQlM0VUaXJtYWRyaWQlM0MlMkZ0ZCUzRSUwQSUzQ3RkJTNFU3BhbmllbiUzQyUyRnRkJTNFJTBBJTNDdGQlM0VFbmVyZ2llJTNDJTJGdGQlM0UlMEElM0MlMkZ0ciUzRSUwQSUzQ3RyJTNFJTBBJTNDdGQlM0VWYXR0ZW5mYWxsJTNDJTJGdGQlM0UlMEElM0N0ZCUzRURldXRzY2hsYW5kJTNDJTJGdGQlM0UlMEElM0N0ZCUzRUVuZXJnaWUlM0MlMkZ0ZCUzRSUwQSUzQyUyRnRyJTNFJTBBJTNDdHIlM0UlMEElM0N0ZCUzRVZTRSUzQyUyRnRkJTNFJTBBJTNDdGQlM0VEZXV0c2NobGFuZCUzQyUyRnRkJTNFJTBBJTNDdGQlM0VFbmVyZ2llJTNDJTJGdGQlM0UlMEElM0MlMkZ0ciUzRSUwQSUzQ3RyJTNFJTBBJTNDdGQlM0VXZXN0ZmFsZW4lMjBXZXNlciUyME5ldHolM0MlMkZ0ZCUzRSUwQSUzQ3RkJTNFRGV1dHNjaGxhbmQlM0MlMkZ0ZCUzRSUwQSUzQ3RkJTNFRW5lcmdpZSUzQyUyRnRkJTNFJTBBJTNDJTJGdHIlM0UlMEElM0N0ciUzRSUwQSUzQ3RkJTNFV2VzdGluZ2hvdXNlJTNDJTJGdGQlM0UlMEElM0N0ZCUzRURldXRzY2hsYW5kJTNDJTJGdGQlM0UlMEElM0N0ZCUzRUVuZXJnaWUlM0MlMkZ0ZCUzRSUwQSUzQyUyRnRyJTNFJTBBJTNDdHIlM0UlMEElM0N0ZCUzRVphbmRlcnMlM0MlMkZ0ZCUzRSUwQSUzQ3RkJTNFRGV1dHNjaGxhbmQlM0MlMkZ0ZCUzRSUwQSUzQ3RkJTNFUGFwaWVyJTNDJTJGdGQlM0UlMEElM0MlMkZ0ciUzRSUwQSUzQyUyRnRib2R5JTNFJTBBJTNDJTJGdGFibGUlM0U=[\/vc_raw_html][\/vc_column][vc_column column_padding=&#8220;padding-6-percent&#8220; column_padding_position=&#8220;all&#8220; background_color=&#8220;#eaeaeb&#8220; background_color_opacity=&#8220;0.9&#8243; background_hover_color_opacity=&#8220;1&#8243; background_image=&#8220;322&#8243; column_link_target=&#8220;_self&#8220; column_shadow=&#8220;none&#8220; column_border_radius=&#8220;none&#8220; width=&#8220;1\/2&#8243; tablet_width_inherit=&#8220;default&#8220; tablet_text_alignment=&#8220;default&#8220; phone_text_alignment=&#8220;default&#8220; overlay_strength=&#8220;0.3&#8243; column_border_width=&#8220;none&#8220; column_border_style=&#8220;solid&#8220; bg_image_animation=&#8220;none&#8220;][vc_column_text el_class=&#8220;higlight01&#8243;]\n<h2 class=\"hmedium color03\">Sie haben Fragen zu unserem Dienstleistungsangebot und unseren Produkten?<\/h2>\n[divider line_type=&#8220;No Line&#8220; custom_height=&#8220;25&#8243;]\n<a class=\"nectar-button n-sc-button large extra-color-1 regular-button\"  href=\"\/kontakt\/\" data-color-override=\"false\" data-hover-color-override=\"false\" data-hover-text-color-override=\"#fff\"><span>Kontaktieren Sie uns!<\/span><\/a>[\/vc_column_text][\/vc_column][\/vc_row][vc_row type=&#8220;in_container&#8220; full_screen_row_position=&#8220;middle&#8220; column_margin=&#8220;default&#8220; scene_position=&#8220;center&#8220; text_color=&#8220;dark&#8220; text_align=&#8220;left&#8220; overlay_strength=&#8220;0.3&#8243; shape_divider_position=&#8220;bottom&#8220; bg_image_animation=&#8220;none&#8220;][vc_column column_padding=&#8220;no-extra-padding&#8220; column_padding_position=&#8220;all&#8220; background_color_opacity=&#8220;1&#8243; background_hover_color_opacity=&#8220;1&#8243; column_link_target=&#8220;_self&#8220; column_shadow=&#8220;none&#8220; column_border_radius=&#8220;none&#8220; width=&#8220;1\/1&#8243; tablet_width_inherit=&#8220;default&#8220; tablet_text_alignment=&#8220;default&#8220; phone_text_alignment=&#8220;default&#8220; overlay_strength=&#8220;0.3&#8243; column_border_width=&#8220;none&#8220; column_border_style=&#8220;solid&#8220; bg_image_animation=&#8220;none&#8220;][divider line_type=&#8220;No Line&#8220; custom_height=&#8220;50&#8243;][\/vc_column][\/vc_row]\n","protected":false},"excerpt":{"rendered":"<p>[vc_row type=&#8220;in_container&#8220; full_screen_row_position=&#8220;middle&#8220; column_margin=&#8220;default&#8220; scene_position=&#8220;center&#8220; text_color=&#8220;dark&#8220; text_align=&#8220;left&#8220; overlay_strength=&#8220;0.3&#8243; shape_divider_position=&#8220;bottom&#8220; bg_image_animation=&#8220;none&#8220;][vc_column column_padding=&#8220;no-extra-padding&#8220; column_padding_position=&#8220;all&#8220; background_color_opacity=&#8220;1&#8243; background_hover_color_opacity=&#8220;1&#8243; column_link_target=&#8220;_self&#8220; column_shadow=&#8220;none&#8220; column_border_radius=&#8220;none&#8220; width=&#8220;1\/1&#8243; tablet_width_inherit=&#8220;default&#8220; tablet_text_alignment=&#8220;default&#8220; phone_text_alignment=&#8220;default&#8220; overlay_strength=&#8220;0.3&#8243; column_border_width=&#8220;none&#8220; column_border_style=&#8220;solid&#8220; bg_image_animation=&#8220;none&#8220;][\/vc_column][\/vc_row][vc_row type=&#8220;in_container&#8220; full_screen_row_position=&#8220;middle&#8220; equal_height=&#8220;yes&#8220; content_placement=&#8220;middle&#8220; column_margin=&#8220;default&#8220;&#8230;<\/p>\n","protected":false},"author":1,"featured_media":0,"parent":0,"menu_order":0,"comment_status":"closed","ping_status":"closed","template":"","meta":{"footnotes":""},"class_list":["post-32","page","type-page","status-publish"],"yoast_head":"<!-- This site is optimized with the Yoast SEO plugin v27.3 - https:\/\/yoast.com\/product\/yoast-seo-wordpress\/ -->\n<title>Referenzen - 3P Automation<\/title>\n<meta name=\"robots\" content=\"index, follow, max-snippet:-1, max-image-preview:large, max-video-preview:-1\" \/>\n<link rel=\"canonical\" href=\"https:\/\/www.3p-automation.de\/de\/referenzen\/\" \/>\n<meta property=\"og:locale\" content=\"de_DE\" \/>\n<meta property=\"og:type\" content=\"article\" \/>\n<meta property=\"og:title\" content=\"Referenzen - 3P Automation\" \/>\n<meta property=\"og:description\" content=\"[vc_row type=&#8220;in_container&#8220; full_screen_row_position=&#8220;middle&#8220; column_margin=&#8220;default&#8220; scene_position=&#8220;center&#8220; text_color=&#8220;dark&#8220; text_align=&#8220;left&#8220; overlay_strength=&#8220;0.3&#8243; shape_divider_position=&#8220;bottom&#8220; bg_image_animation=&#8220;none&#8220;][vc_column column_padding=&#8220;no-extra-padding&#8220; column_padding_position=&#8220;all&#8220; background_color_opacity=&#8220;1&#8243; background_hover_color_opacity=&#8220;1&#8243; column_link_target=&#8220;_self&#8220; column_shadow=&#8220;none&#8220; column_border_radius=&#8220;none&#8220; width=&#8220;1\/1&#8243; tablet_width_inherit=&#8220;default&#8220; tablet_text_alignment=&#8220;default&#8220; phone_text_alignment=&#8220;default&#8220; overlay_strength=&#8220;0.3&#8243; column_border_width=&#8220;none&#8220; column_border_style=&#8220;solid&#8220; bg_image_animation=&#8220;none&#8220;][\/vc_column][\/vc_row][vc_row type=&#8220;in_container&#8220; full_screen_row_position=&#8220;middle&#8220; equal_height=&#8220;yes&#8220; content_placement=&#8220;middle&#8220; column_margin=&#8220;default&#8220;...\" \/>\n<meta property=\"og:url\" content=\"https:\/\/www.3p-automation.de\/de\/referenzen\/\" \/>\n<meta property=\"og:site_name\" content=\"3P Automation\" \/>\n<meta property=\"article:modified_time\" content=\"2020-02-19T09:28:00+00:00\" \/>\n<meta name=\"twitter:card\" content=\"summary_large_image\" \/>\n<meta name=\"twitter:label1\" content=\"Gesch\u00e4tzte Lesezeit\" \/>\n\t<meta name=\"twitter:data1\" content=\"6\u00a0Minuten\" \/>\n<script type=\"application\/ld+json\" class=\"yoast-schema-graph\">{\"@context\":\"https:\\\/\\\/schema.org\",\"@graph\":[{\"@type\":\"WebPage\",\"@id\":\"https:\\\/\\\/www.3p-automation.de\\\/de\\\/referenzen\\\/\",\"url\":\"https:\\\/\\\/www.3p-automation.de\\\/de\\\/referenzen\\\/\",\"name\":\"Referenzen - 3P Automation\",\"isPartOf\":{\"@id\":\"https:\\\/\\\/www.3p-automation.de\\\/de\\\/#website\"},\"datePublished\":\"2018-01-10T14:08:58+00:00\",\"dateModified\":\"2020-02-19T09:28:00+00:00\",\"breadcrumb\":{\"@id\":\"https:\\\/\\\/www.3p-automation.de\\\/de\\\/referenzen\\\/#breadcrumb\"},\"inLanguage\":\"de\",\"potentialAction\":[{\"@type\":\"ReadAction\",\"target\":[\"https:\\\/\\\/www.3p-automation.de\\\/de\\\/referenzen\\\/\"]}]},{\"@type\":\"BreadcrumbList\",\"@id\":\"https:\\\/\\\/www.3p-automation.de\\\/de\\\/referenzen\\\/#breadcrumb\",\"itemListElement\":[{\"@type\":\"ListItem\",\"position\":1,\"name\":\"Startseite\",\"item\":\"https:\\\/\\\/www.3p-automation.de\\\/de\\\/\"},{\"@type\":\"ListItem\",\"position\":2,\"name\":\"Referenzen\"}]},{\"@type\":\"WebSite\",\"@id\":\"https:\\\/\\\/www.3p-automation.de\\\/de\\\/#website\",\"url\":\"https:\\\/\\\/www.3p-automation.de\\\/de\\\/\",\"name\":\"3P Automation\",\"description\":\"\",\"potentialAction\":[{\"@type\":\"SearchAction\",\"target\":{\"@type\":\"EntryPoint\",\"urlTemplate\":\"https:\\\/\\\/www.3p-automation.de\\\/de\\\/?s={search_term_string}\"},\"query-input\":{\"@type\":\"PropertyValueSpecification\",\"valueRequired\":true,\"valueName\":\"search_term_string\"}}],\"inLanguage\":\"de\"}]}<\/script>\n<!-- \/ Yoast SEO plugin. -->","yoast_head_json":{"title":"Referenzen - 3P Automation","robots":{"index":"index","follow":"follow","max-snippet":"max-snippet:-1","max-image-preview":"max-image-preview:large","max-video-preview":"max-video-preview:-1"},"canonical":"https:\/\/www.3p-automation.de\/de\/referenzen\/","og_locale":"de_DE","og_type":"article","og_title":"Referenzen - 3P Automation","og_description":"[vc_row type=&#8220;in_container&#8220; full_screen_row_position=&#8220;middle&#8220; column_margin=&#8220;default&#8220; scene_position=&#8220;center&#8220; text_color=&#8220;dark&#8220; text_align=&#8220;left&#8220; overlay_strength=&#8220;0.3&#8243; shape_divider_position=&#8220;bottom&#8220; bg_image_animation=&#8220;none&#8220;][vc_column column_padding=&#8220;no-extra-padding&#8220; column_padding_position=&#8220;all&#8220; background_color_opacity=&#8220;1&#8243; background_hover_color_opacity=&#8220;1&#8243; column_link_target=&#8220;_self&#8220; column_shadow=&#8220;none&#8220; column_border_radius=&#8220;none&#8220; width=&#8220;1\/1&#8243; tablet_width_inherit=&#8220;default&#8220; tablet_text_alignment=&#8220;default&#8220; phone_text_alignment=&#8220;default&#8220; overlay_strength=&#8220;0.3&#8243; column_border_width=&#8220;none&#8220; column_border_style=&#8220;solid&#8220; bg_image_animation=&#8220;none&#8220;][\/vc_column][\/vc_row][vc_row type=&#8220;in_container&#8220; full_screen_row_position=&#8220;middle&#8220; equal_height=&#8220;yes&#8220; content_placement=&#8220;middle&#8220; column_margin=&#8220;default&#8220;...","og_url":"https:\/\/www.3p-automation.de\/de\/referenzen\/","og_site_name":"3P Automation","article_modified_time":"2020-02-19T09:28:00+00:00","twitter_card":"summary_large_image","twitter_misc":{"Gesch\u00e4tzte Lesezeit":"6\u00a0Minuten"},"schema":{"@context":"https:\/\/schema.org","@graph":[{"@type":"WebPage","@id":"https:\/\/www.3p-automation.de\/de\/referenzen\/","url":"https:\/\/www.3p-automation.de\/de\/referenzen\/","name":"Referenzen - 3P Automation","isPartOf":{"@id":"https:\/\/www.3p-automation.de\/de\/#website"},"datePublished":"2018-01-10T14:08:58+00:00","dateModified":"2020-02-19T09:28:00+00:00","breadcrumb":{"@id":"https:\/\/www.3p-automation.de\/de\/referenzen\/#breadcrumb"},"inLanguage":"de","potentialAction":[{"@type":"ReadAction","target":["https:\/\/www.3p-automation.de\/de\/referenzen\/"]}]},{"@type":"BreadcrumbList","@id":"https:\/\/www.3p-automation.de\/de\/referenzen\/#breadcrumb","itemListElement":[{"@type":"ListItem","position":1,"name":"Startseite","item":"https:\/\/www.3p-automation.de\/de\/"},{"@type":"ListItem","position":2,"name":"Referenzen"}]},{"@type":"WebSite","@id":"https:\/\/www.3p-automation.de\/de\/#website","url":"https:\/\/www.3p-automation.de\/de\/","name":"3P Automation","description":"","potentialAction":[{"@type":"SearchAction","target":{"@type":"EntryPoint","urlTemplate":"https:\/\/www.3p-automation.de\/de\/?s={search_term_string}"},"query-input":{"@type":"PropertyValueSpecification","valueRequired":true,"valueName":"search_term_string"}}],"inLanguage":"de"}]}},"_links":{"self":[{"href":"https:\/\/www.3p-automation.de\/de\/wp-json\/wp\/v2\/pages\/32","targetHints":{"allow":["GET"]}}],"collection":[{"href":"https:\/\/www.3p-automation.de\/de\/wp-json\/wp\/v2\/pages"}],"about":[{"href":"https:\/\/www.3p-automation.de\/de\/wp-json\/wp\/v2\/types\/page"}],"author":[{"embeddable":true,"href":"https:\/\/www.3p-automation.de\/de\/wp-json\/wp\/v2\/users\/1"}],"replies":[{"embeddable":true,"href":"https:\/\/www.3p-automation.de\/de\/wp-json\/wp\/v2\/comments?post=32"}],"version-history":[{"count":15,"href":"https:\/\/www.3p-automation.de\/de\/wp-json\/wp\/v2\/pages\/32\/revisions"}],"predecessor-version":[{"id":1277,"href":"https:\/\/www.3p-automation.de\/de\/wp-json\/wp\/v2\/pages\/32\/revisions\/1277"}],"wp:attachment":[{"href":"https:\/\/www.3p-automation.de\/de\/wp-json\/wp\/v2\/media?parent=32"}],"curies":[{"name":"wp","href":"https:\/\/api.w.org\/{rel}","templated":true}]}}