{"id":30,"date":"2018-01-10T15:08:05","date_gmt":"2018-01-10T14:08:05","guid":{"rendered":"http:\/\/3p-automation.it-fabrik.net\/?page_id=30"},"modified":"2018-03-09T09:48:07","modified_gmt":"2018-03-09T08:48:07","slug":"systeme-produkte","status":"publish","type":"page","link":"https:\/\/www.3p-automation.de\/de\/systeme-produkte\/","title":{"rendered":"Systeme \/ Produkte"},"content":{"rendered":"[vc_row type=&#8220;in_container&#8220; full_screen_row_position=&#8220;middle&#8220; scene_position=&#8220;center&#8220; text_color=&#8220;dark&#8220; text_align=&#8220;left&#8220; overlay_strength=&#8220;0.3&#8243; shape_divider_position=&#8220;bottom&#8220;][vc_column column_padding=&#8220;no-extra-padding&#8220; column_padding_position=&#8220;all&#8220; background_color_opacity=&#8220;1&#8243; background_hover_color_opacity=&#8220;1&#8243; column_shadow=&#8220;none&#8220; column_border_radius=&#8220;none&#8220; width=&#8220;1\/1&#8243; tablet_text_alignment=&#8220;default&#8220; phone_text_alignment=&#8220;default&#8220; column_border_width=&#8220;none&#8220; column_border_style=&#8220;solid&#8220;]\n\t\t\t\t<p class=\"rs-p-wp-fix\"><\/p>\n\t\t\t\t<sr7-module data-alias=\"produkte\" data-id=\"4\" id=\"SR7_4_1\" class=\"rs-ov-hidden\" data-version=\"6.7.52\">\n\t\t\t\t\t<sr7-adjuster><\/sr7-adjuster>\n\t\t\t\t\t<sr7-content>\n\t\t\t\t\t\t<sr7-slide id=\"SR7_4_1-3\" data-key=\"3\">\n\t\t\t\t\t\t\t<sr7-bg id=\"SR7_4_1-3-4\" class=\"sr7-layer\"><noscript><img decoding=\"async\" src=\"https:\/\/www.3p-automation.de\/wp-content\/uploads\/hintergrund_03.jpg\" alt=\"\" title=\"hintergrund_03\"><\/noscript><\/sr7-bg>\n\t\t\t\t\t\t\t<h1 id=\"SR7_4_1-3-2\" class=\"sr7-layer\"> SYSTEME \/ PRODUKTE<\/h1>\n\t\t\t\t\t\t\t<h2 id=\"SR7_4_1-3-3\" class=\"sr7-layer\">Ersatzteile f\u00fcr optimierte Automatisierungsl\u00f6sungen<\/h2>\n\t\t\t\t\t\t<\/sr7-slide>\n\t\t\t\t\t<\/sr7-content>\n\t\t\t\t\t<image_lists style=\"display:none\">\n\t\t\t\t\t\t<img data-src=\"\/\/www.3p-automation.de\/wp-content\/uploads\/hintergrund_03.jpg\" width=\"0\" height=\"0\" data-dbsrc=\"Ly93d3cuM3AtYXV0b21hdGlvbi5kZS93cC1jb250ZW50L3VwbG9hZHMvaGludGVyZ3J1bmRfMDMuanBn\"\/>\n\t\t\t\t\t<\/image_lists>\n\t\t\t\t<\/sr7-module>\n\t\t\t\t<script>\n\t\t\t\t\twindow.SR7 ??={};SR7.PMH ??={}; SR7.PMH[\"SR7_4_1\"] = {cn:100,state:false,fn: function() { if (window._tpt!==undefined && window._tpt.prepareModuleHeight !== undefined) {  _tpt.prepareModuleHeight({id:\"SR7_4_1\",type:'standard',shdw:'0',gh:[700,700,768,960,720],gw:[1425,1425,1024,778,480],vpt:['-200px&#039;,&#039;-200px&#039;,&#039;-200px&#039;,&#039;-200px&#039;,&#039;-200px'],size:{fullWidth:false, fullHeight:false},mh:'0',onh:0,onw:0,bg:{color:'{\"orig\":\"transparent\",\"type\":\"solid\",\"string\":\"transparent\"}'},plType:'0',plColor:'#FFFFFF'});   SR7.PMH[\"SR7_4_1\"].state=true;} else if(SR7.PMH[\"SR7_4_1\"].cn-->0)\tsetTimeout( SR7.PMH[\"SR7_4_1\"].fn,19);}};SR7.PMH[\"SR7_4_1\" ].fn();\n\t\t\t\t<\/script>\n[\/vc_column][\/vc_row][vc_row type=&#8220;in_container&#8220; full_screen_row_position=&#8220;middle&#8220; equal_height=&#8220;yes&#8220; content_placement=&#8220;middle&#8220; scene_position=&#8220;center&#8220; text_color=&#8220;light&#8220; text_align=&#8220;left&#8220; overlay_strength=&#8220;0.3&#8243; shape_divider_position=&#8220;bottom&#8220; shape_type=&#8220;&#8220;][vc_column column_padding=&#8220;padding-6-percent&#8220; column_padding_position=&#8220;all&#8220; background_color=&#8220;#223d66&#8243; background_color_opacity=&#8220;1&#8243; background_hover_color_opacity=&#8220;1&#8243; column_shadow=&#8220;none&#8220; column_border_radius=&#8220;none&#8220; width=&#8220;1\/2&#8243; tablet_text_alignment=&#8220;default&#8220; phone_text_alignment=&#8220;default&#8220; column_border_width=&#8220;none&#8220; column_border_style=&#8220;solid&#8220;][vc_column_text]\n<h2 class=\"hsmall\">Systeme und Produkte\u00a0 &#8211; Ersatzteile f\u00fcr optimierte Automatisierungsl\u00f6sungen<\/h2>\n<p>3P Automation bietet Ihnen eine Vielzahl an unterschiedlichen Systemen und Produkten, mit denen sich Ihre Automatisierungsprozesse effizienter gestalten lassen. Entdecken Sie in unserem breiten Angebot die einzelnen Systembausteine der renommierten Hersteller Schoppe &amp; Faeser (S&amp;F), Hartmann &amp; Braun (H&amp;B), ABB, Siemens und WAGO.[\/vc_column_text][\/vc_column][vc_column column_padding=&#8220;padding-3-percent&#8220; column_padding_position=&#8220;all&#8220; background_color_opacity=&#8220;1&#8243; background_color_hover=&#8220;#ffffff&#8220; background_hover_color_opacity=&#8220;0.2&#8243; background_image=&#8220;607&#8243; enable_bg_scale=&#8220;true&#8220; column_shadow=&#8220;none&#8220; column_border_radius=&#8220;none&#8220; width=&#8220;1\/2&#8243; tablet_text_alignment=&#8220;center&#8220; phone_text_alignment=&#8220;center&#8220; column_border_width=&#8220;none&#8220; column_border_style=&#8220;dotted&#8220;][nectar_btn size=&#8220;large&#8220; button_style=&#8220;regular&#8220; button_color_2=&#8220;Extra-Color-2&#8243; color_override=&#8220;#ffffff&#8220; icon_family=&#8220;default_arrow&#8220; el_class=&#8220;color03 buttonstil&#8220; text=&#8220;Eingesetzte Systeme&#8220; url=&#8220;\/systeme-produkte\/eingesetzte-systeme\/&#8220;][divider line_type=&#8220;No Line&#8220; custom_height=&#8220;2&#8243;][nectar_btn size=&#8220;large&#8220; button_style=&#8220;regular&#8220; button_color_2=&#8220;Accent-Color&#8220; icon_family=&#8220;default_arrow&#8220; el_class=&#8220;color05&#8243; text=&#8220;Programmierger\u00e4te&#8220; url=&#8220;\/systeme-produkte\/programmiergeraete\/&#8220;][divider line_type=&#8220;No Line&#8220; custom_height=&#8220;2&#8243;][nectar_btn size=&#8220;large&#8220; button_style=&#8220;regular&#8220; button_color_2=&#8220;Extra-Color-2&#8243; color_override=&#8220;#ffffff&#8220; icon_family=&#8220;default_arrow&#8220; el_class=&#8220;color03 buttonstil&#8220; text=&#8220;Materialliste&#8220; url=&#8220;\/systeme-produkte\/materialliste\/&#8220;][divider line_type=&#8220;No Line&#8220; custom_height=&#8220;2&#8243;][nectar_btn size=&#8220;large&#8220; button_style=&#8220;regular&#8220; button_color_2=&#8220;Accent-Color&#8220; icon_family=&#8220;default_arrow&#8220; el_class=&#8220;color05&#8243; text=&#8220;Stell- und Regelantriebe&#8220; url=&#8220;\/systeme-produkte\/stell-und-regelantriebe\/&#8220;][\/vc_column][\/vc_row][vc_row type=&#8220;in_container&#8220; full_screen_row_position=&#8220;middle&#8220; equal_height=&#8220;yes&#8220; content_placement=&#8220;top&#8220; scene_position=&#8220;center&#8220; text_color=&#8220;dark&#8220; text_align=&#8220;left&#8220; overlay_strength=&#8220;0.3&#8243; shape_divider_position=&#8220;bottom&#8220; shape_type=&#8220;&#8220;][vc_column column_padding=&#8220;padding-6-percent&#8220; column_padding_position=&#8220;all&#8220; background_color_opacity=&#8220;1&#8243; background_hover_color_opacity=&#8220;1&#8243; column_shadow=&#8220;none&#8220; column_border_radius=&#8220;none&#8220; width=&#8220;1\/2&#8243; tablet_text_alignment=&#8220;default&#8220; phone_text_alignment=&#8220;default&#8220; column_border_width=&#8220;2px&#8220; column_border_color=&#8220;#eaeaeb&#8220; column_border_style=&#8220;solid&#8220;][vc_column_text]\n<h2 class=\"hsmall\">3P Automation verwandelt alt wieder in neu<\/h2>\n<p>Zum Kerngebiet unserer Dienstleistungen geh\u00f6rt insbesondere die Instandhaltung von Bestandssystemen. Um die Nutzungsdauer Ihrer Automatisierungssysteme zu verl\u00e4ngern, bieten wir Ihnen Unterst\u00fctzung bei der Reparatur, sorgen f\u00fcr die Verf\u00fcgbarkeit der passenden Ersatzteile und die Neubeschaffung von Hardware sowie die fachgerechte Durchf\u00fchrung von Softwareupdates.<\/p>\n<p>Hier liegt unser Fokus besonders auf der Revitalisierung von Baugruppen. Durch jahrelangen Einsatz und ihr z. T. hohes Alter haben manche Baugruppen das Ende ihrer Lebenszeit erreicht.\u00a0In Zusammenarbeit mit unseren erfahrenen Partnern k\u00f6nnen wir diese Baugruppen durch Austausch aller problematischen Bauteile in einen Zustand versetzen, der als neuwertig bezeichnet werden kann. Durch Funktionstests die nach jeder Reparatur oder Revitalisierung durchgef\u00fchrt werden sowie durch unsere entsprechenden Garantiezusagen k\u00f6nnen Sie sich jederzeit auf zuverl\u00e4ssige Qualit\u00e4t verlassen.<\/p>\n<p>3P Automation: Wir bringen Ihre Automatisierung mit den gesuchten Ersatzteilen und Austauschbaugruppen, wieder in Schwung \u2013 von Programmierger\u00e4ten \u00fcber Stell- und Regelantriebe bis hin zur Revitalisierung Ihres alten Systems.[\/vc_column_text][\/vc_column][vc_column column_padding=&#8220;padding-6-percent&#8220; column_padding_position=&#8220;all&#8220; background_color=&#8220;#eaeaeb&#8220; background_color_opacity=&#8220;0.9&#8243; background_hover_color_opacity=&#8220;1&#8243; background_image=&#8220;322&#8243; column_shadow=&#8220;none&#8220; column_border_radius=&#8220;none&#8220; width=&#8220;1\/2&#8243; tablet_text_alignment=&#8220;default&#8220; phone_text_alignment=&#8220;default&#8220; column_border_width=&#8220;none&#8220; column_border_style=&#8220;solid&#8220;][vc_column_text el_class=&#8220;higlight01&#8243;]\n<h2 class=\"hmedium color03\">Sie haben Fragen zu unserem Dienstleistungsangebot und unseren Produkten?<\/h2>\n[divider line_type=&#8220;No Line&#8220; custom_height=&#8220;25&#8243;]\n<a class=\"nectar-button n-sc-button large extra-color-1 regular-button\"  href=\"\/kontakt\/\" data-color-override=\"false\" data-hover-color-override=\"false\" data-hover-text-color-override=\"#fff\"><span>Kontaktieren Sie uns!<\/span><\/a>[\/vc_column_text][\/vc_column][\/vc_row][vc_row type=&#8220;in_container&#8220; full_screen_row_position=&#8220;middle&#8220; scene_position=&#8220;center&#8220; text_color=&#8220;dark&#8220; text_align=&#8220;left&#8220; overlay_strength=&#8220;0.3&#8243; shape_divider_position=&#8220;bottom&#8220;][vc_column column_padding=&#8220;no-extra-padding&#8220; column_padding_position=&#8220;all&#8220; background_color_opacity=&#8220;1&#8243; background_hover_color_opacity=&#8220;1&#8243; column_shadow=&#8220;none&#8220; column_border_radius=&#8220;none&#8220; width=&#8220;1\/1&#8243; tablet_text_alignment=&#8220;default&#8220; phone_text_alignment=&#8220;default&#8220; column_border_width=&#8220;none&#8220; column_border_style=&#8220;solid&#8220;][divider line_type=&#8220;No Line&#8220; custom_height=&#8220;50&#8243;][\/vc_column][\/vc_row]\n","protected":false},"excerpt":{"rendered":"<p>[vc_row type=&#8220;in_container&#8220; full_screen_row_position=&#8220;middle&#8220; scene_position=&#8220;center&#8220; text_color=&#8220;dark&#8220; text_align=&#8220;left&#8220; overlay_strength=&#8220;0.3&#8243; shape_divider_position=&#8220;bottom&#8220;][vc_column column_padding=&#8220;no-extra-padding&#8220; column_padding_position=&#8220;all&#8220; background_color_opacity=&#8220;1&#8243; background_hover_color_opacity=&#8220;1&#8243; column_shadow=&#8220;none&#8220; column_border_radius=&#8220;none&#8220; width=&#8220;1\/1&#8243; tablet_text_alignment=&#8220;default&#8220; phone_text_alignment=&#8220;default&#8220; column_border_width=&#8220;none&#8220; column_border_style=&#8220;solid&#8220;][\/vc_column][\/vc_row][vc_row type=&#8220;in_container&#8220; full_screen_row_position=&#8220;middle&#8220; equal_height=&#8220;yes&#8220; content_placement=&#8220;middle&#8220; scene_position=&#8220;center&#8220; text_color=&#8220;light&#8220; text_align=&#8220;left&#8220; overlay_strength=&#8220;0.3&#8243; shape_divider_position=&#8220;bottom&#8220; shape_type=&#8220;&#8220;][vc_column column_padding=&#8220;padding-6-percent&#8220;&#8230;<\/p>\n","protected":false},"author":1,"featured_media":0,"parent":0,"menu_order":0,"comment_status":"closed","ping_status":"closed","template":"","meta":{"footnotes":""},"class_list":["post-30","page","type-page","status-publish"],"yoast_head":"<!-- This site is optimized with the Yoast SEO plugin v27.2 - https:\/\/yoast.com\/product\/yoast-seo-wordpress\/ -->\n<title>Systeme \/ Produkte - 3P Automation<\/title>\n<meta name=\"robots\" content=\"index, follow, max-snippet:-1, max-image-preview:large, max-video-preview:-1\" \/>\n<link rel=\"canonical\" href=\"https:\/\/www.3p-automation.de\/de\/systeme-produkte\/\" \/>\n<meta property=\"og:locale\" content=\"de_DE\" \/>\n<meta property=\"og:type\" content=\"article\" \/>\n<meta property=\"og:title\" content=\"Systeme \/ Produkte - 3P Automation\" \/>\n<meta property=\"og:description\" content=\"[vc_row type=&#8220;in_container&#8220; full_screen_row_position=&#8220;middle&#8220; scene_position=&#8220;center&#8220; text_color=&#8220;dark&#8220; text_align=&#8220;left&#8220; overlay_strength=&#8220;0.3&#8243; shape_divider_position=&#8220;bottom&#8220;][vc_column column_padding=&#8220;no-extra-padding&#8220; column_padding_position=&#8220;all&#8220; background_color_opacity=&#8220;1&#8243; background_hover_color_opacity=&#8220;1&#8243; column_shadow=&#8220;none&#8220; column_border_radius=&#8220;none&#8220; width=&#8220;1\/1&#8243; tablet_text_alignment=&#8220;default&#8220; phone_text_alignment=&#8220;default&#8220; column_border_width=&#8220;none&#8220; column_border_style=&#8220;solid&#8220;][\/vc_column][\/vc_row][vc_row type=&#8220;in_container&#8220; full_screen_row_position=&#8220;middle&#8220; equal_height=&#8220;yes&#8220; content_placement=&#8220;middle&#8220; scene_position=&#8220;center&#8220; text_color=&#8220;light&#8220; text_align=&#8220;left&#8220; overlay_strength=&#8220;0.3&#8243; shape_divider_position=&#8220;bottom&#8220; shape_type=&#8220;&#8220;][vc_column column_padding=&#8220;padding-6-percent&#8220;...\" \/>\n<meta property=\"og:url\" content=\"https:\/\/www.3p-automation.de\/de\/systeme-produkte\/\" \/>\n<meta property=\"og:site_name\" content=\"3P Automation\" \/>\n<meta property=\"article:modified_time\" content=\"2018-03-09T08:48:07+00:00\" \/>\n<meta name=\"twitter:card\" content=\"summary_large_image\" \/>\n<meta name=\"twitter:label1\" content=\"Gesch\u00e4tzte Lesezeit\" \/>\n\t<meta name=\"twitter:data1\" content=\"4\u00a0Minuten\" \/>\n<script type=\"application\/ld+json\" class=\"yoast-schema-graph\">{\"@context\":\"https:\/\/schema.org\",\"@graph\":[{\"@type\":\"WebPage\",\"@id\":\"https:\/\/www.3p-automation.de\/de\/systeme-produkte\/\",\"url\":\"https:\/\/www.3p-automation.de\/de\/systeme-produkte\/\",\"name\":\"Systeme \/ Produkte - 3P Automation\",\"isPartOf\":{\"@id\":\"https:\/\/www.3p-automation.de\/de\/#website\"},\"datePublished\":\"2018-01-10T14:08:05+00:00\",\"dateModified\":\"2018-03-09T08:48:07+00:00\",\"breadcrumb\":{\"@id\":\"https:\/\/www.3p-automation.de\/de\/systeme-produkte\/#breadcrumb\"},\"inLanguage\":\"de\",\"potentialAction\":[{\"@type\":\"ReadAction\",\"target\":[\"https:\/\/www.3p-automation.de\/de\/systeme-produkte\/\"]}]},{\"@type\":\"BreadcrumbList\",\"@id\":\"https:\/\/www.3p-automation.de\/de\/systeme-produkte\/#breadcrumb\",\"itemListElement\":[{\"@type\":\"ListItem\",\"position\":1,\"name\":\"Startseite\",\"item\":\"https:\/\/www.3p-automation.de\/de\/\"},{\"@type\":\"ListItem\",\"position\":2,\"name\":\"Systeme \/ Produkte\"}]},{\"@type\":\"WebSite\",\"@id\":\"https:\/\/www.3p-automation.de\/de\/#website\",\"url\":\"https:\/\/www.3p-automation.de\/de\/\",\"name\":\"3P Automation\",\"description\":\"\",\"potentialAction\":[{\"@type\":\"SearchAction\",\"target\":{\"@type\":\"EntryPoint\",\"urlTemplate\":\"https:\/\/www.3p-automation.de\/de\/?s={search_term_string}\"},\"query-input\":{\"@type\":\"PropertyValueSpecification\",\"valueRequired\":true,\"valueName\":\"search_term_string\"}}],\"inLanguage\":\"de\"}]}<\/script>\n<!-- \/ Yoast SEO plugin. -->","yoast_head_json":{"title":"Systeme \/ Produkte - 3P Automation","robots":{"index":"index","follow":"follow","max-snippet":"max-snippet:-1","max-image-preview":"max-image-preview:large","max-video-preview":"max-video-preview:-1"},"canonical":"https:\/\/www.3p-automation.de\/de\/systeme-produkte\/","og_locale":"de_DE","og_type":"article","og_title":"Systeme \/ Produkte - 3P Automation","og_description":"[vc_row type=&#8220;in_container&#8220; full_screen_row_position=&#8220;middle&#8220; scene_position=&#8220;center&#8220; text_color=&#8220;dark&#8220; text_align=&#8220;left&#8220; overlay_strength=&#8220;0.3&#8243; shape_divider_position=&#8220;bottom&#8220;][vc_column column_padding=&#8220;no-extra-padding&#8220; column_padding_position=&#8220;all&#8220; background_color_opacity=&#8220;1&#8243; background_hover_color_opacity=&#8220;1&#8243; column_shadow=&#8220;none&#8220; column_border_radius=&#8220;none&#8220; width=&#8220;1\/1&#8243; tablet_text_alignment=&#8220;default&#8220; phone_text_alignment=&#8220;default&#8220; column_border_width=&#8220;none&#8220; column_border_style=&#8220;solid&#8220;][\/vc_column][\/vc_row][vc_row type=&#8220;in_container&#8220; full_screen_row_position=&#8220;middle&#8220; equal_height=&#8220;yes&#8220; content_placement=&#8220;middle&#8220; scene_position=&#8220;center&#8220; text_color=&#8220;light&#8220; text_align=&#8220;left&#8220; overlay_strength=&#8220;0.3&#8243; shape_divider_position=&#8220;bottom&#8220; shape_type=&#8220;&#8220;][vc_column column_padding=&#8220;padding-6-percent&#8220;...","og_url":"https:\/\/www.3p-automation.de\/de\/systeme-produkte\/","og_site_name":"3P Automation","article_modified_time":"2018-03-09T08:48:07+00:00","twitter_card":"summary_large_image","twitter_misc":{"Gesch\u00e4tzte Lesezeit":"4\u00a0Minuten"},"schema":{"@context":"https:\/\/schema.org","@graph":[{"@type":"WebPage","@id":"https:\/\/www.3p-automation.de\/de\/systeme-produkte\/","url":"https:\/\/www.3p-automation.de\/de\/systeme-produkte\/","name":"Systeme \/ Produkte - 3P Automation","isPartOf":{"@id":"https:\/\/www.3p-automation.de\/de\/#website"},"datePublished":"2018-01-10T14:08:05+00:00","dateModified":"2018-03-09T08:48:07+00:00","breadcrumb":{"@id":"https:\/\/www.3p-automation.de\/de\/systeme-produkte\/#breadcrumb"},"inLanguage":"de","potentialAction":[{"@type":"ReadAction","target":["https:\/\/www.3p-automation.de\/de\/systeme-produkte\/"]}]},{"@type":"BreadcrumbList","@id":"https:\/\/www.3p-automation.de\/de\/systeme-produkte\/#breadcrumb","itemListElement":[{"@type":"ListItem","position":1,"name":"Startseite","item":"https:\/\/www.3p-automation.de\/de\/"},{"@type":"ListItem","position":2,"name":"Systeme \/ Produkte"}]},{"@type":"WebSite","@id":"https:\/\/www.3p-automation.de\/de\/#website","url":"https:\/\/www.3p-automation.de\/de\/","name":"3P Automation","description":"","potentialAction":[{"@type":"SearchAction","target":{"@type":"EntryPoint","urlTemplate":"https:\/\/www.3p-automation.de\/de\/?s={search_term_string}"},"query-input":{"@type":"PropertyValueSpecification","valueRequired":true,"valueName":"search_term_string"}}],"inLanguage":"de"}]}},"_links":{"self":[{"href":"https:\/\/www.3p-automation.de\/de\/wp-json\/wp\/v2\/pages\/30","targetHints":{"allow":["GET"]}}],"collection":[{"href":"https:\/\/www.3p-automation.de\/de\/wp-json\/wp\/v2\/pages"}],"about":[{"href":"https:\/\/www.3p-automation.de\/de\/wp-json\/wp\/v2\/types\/page"}],"author":[{"embeddable":true,"href":"https:\/\/www.3p-automation.de\/de\/wp-json\/wp\/v2\/users\/1"}],"replies":[{"embeddable":true,"href":"https:\/\/www.3p-automation.de\/de\/wp-json\/wp\/v2\/comments?post=30"}],"version-history":[{"count":31,"href":"https:\/\/www.3p-automation.de\/de\/wp-json\/wp\/v2\/pages\/30\/revisions"}],"predecessor-version":[{"id":941,"href":"https:\/\/www.3p-automation.de\/de\/wp-json\/wp\/v2\/pages\/30\/revisions\/941"}],"wp:attachment":[{"href":"https:\/\/www.3p-automation.de\/de\/wp-json\/wp\/v2\/media?parent=30"}],"curies":[{"name":"wp","href":"https:\/\/api.w.org\/{rel}","templated":true}]}}