{"id":28,"date":"2018-01-10T15:07:32","date_gmt":"2018-01-10T14:07:32","guid":{"rendered":"http:\/\/3p-automation.it-fabrik.net\/?page_id=28"},"modified":"2018-02-20T14:12:49","modified_gmt":"2018-02-20T13:12:49","slug":"dienstleistungen","status":"publish","type":"page","link":"https:\/\/www.3p-automation.de\/de\/dienstleistungen\/","title":{"rendered":"Dienstleistungen"},"content":{"rendered":"[vc_row type=&#8220;in_container&#8220; full_screen_row_position=&#8220;middle&#8220; scene_position=&#8220;center&#8220; text_color=&#8220;dark&#8220; text_align=&#8220;left&#8220; overlay_strength=&#8220;0.3&#8243; shape_divider_position=&#8220;bottom&#8220;][vc_column column_padding=&#8220;no-extra-padding&#8220; column_padding_position=&#8220;all&#8220; background_color_opacity=&#8220;1&#8243; background_hover_color_opacity=&#8220;1&#8243; column_shadow=&#8220;none&#8220; column_border_radius=&#8220;none&#8220; width=&#8220;1\/1&#8243; tablet_text_alignment=&#8220;default&#8220; phone_text_alignment=&#8220;default&#8220; column_border_width=&#8220;none&#8220; column_border_style=&#8220;solid&#8220;]\n\t\t\t\t<p class=\"rs-p-wp-fix\"><\/p>\n\t\t\t\t<sr7-module data-alias=\"dienstleistungen\" data-id=\"2\" id=\"SR7_2_1\" class=\"rs-ov-hidden\" data-version=\"6.7.52\">\n\t\t\t\t\t<sr7-adjuster><\/sr7-adjuster>\n\t\t\t\t\t<sr7-content>\n\t\t\t\t\t\t<sr7-slide id=\"SR7_2_1-2\" data-key=\"2\">\n\t\t\t\t\t\t\t<sr7-bg id=\"SR7_2_1-2-4\" class=\"sr7-layer\"><noscript><img decoding=\"async\" src=\"https:\/\/www.3p-automation.de\/wp-content\/uploads\/hintergrund_02-2.jpg\" alt=\"\" title=\"hintergrund_02\"><\/noscript><\/sr7-bg>\n\t\t\t\t\t\t\t<h1 id=\"SR7_2_1-2-2\" class=\"sr7-layer\">DIENSTLEISTUNGEN<\/h1>\n\t\t\t\t\t\t\t<h2 id=\"SR7_2_1-2-3\" class=\"sr7-layer\">F\u00fcr Ihre Anspr\u00fcche - zielorientierte Konzepte von 3P Automation<\/h2>\n\t\t\t\t\t\t<\/sr7-slide>\n\t\t\t\t\t<\/sr7-content>\n\t\t\t\t\t<image_lists style=\"display:none\">\n\t\t\t\t\t\t<img data-src=\"\/\/www.3p-automation.de\/wp-content\/uploads\/hintergrund_02-2.jpg\" width=\"0\" height=\"0\" data-dbsrc=\"Ly93d3cuM3AtYXV0b21hdGlvbi5kZS93cC1jb250ZW50L3VwbG9hZHMvaGludGVyZ3J1bmRfMDItMi5qcGc=\"\/>\n\t\t\t\t\t<\/image_lists>\n\t\t\t\t<\/sr7-module>\n\t\t\t\t<script>\n\t\t\t\t\twindow.SR7 ??={};SR7.PMH ??={}; SR7.PMH[\"SR7_2_1\"] = {cn:100,state:false,fn: function() { if (window._tpt!==undefined && window._tpt.prepareModuleHeight !== undefined) {  _tpt.prepareModuleHeight({id:\"SR7_2_1\",type:'standard',shdw:'0',gh:[700,700,768,960,720],gw:[1425,1425,1024,778,480],vpt:['-200px&#039;,&#039;-200px&#039;,&#039;-200px&#039;,&#039;-200px&#039;,&#039;-200px'],size:{fullWidth:false, fullHeight:false},mh:'0',onh:0,onw:0,bg:{color:'{\"orig\":\"transparent\",\"type\":\"solid\",\"string\":\"transparent\"}'},plType:'0',plColor:'#FFFFFF'});   SR7.PMH[\"SR7_2_1\"].state=true;} else if(SR7.PMH[\"SR7_2_1\"].cn-->0)\tsetTimeout( SR7.PMH[\"SR7_2_1\"].fn,19);}};SR7.PMH[\"SR7_2_1\" ].fn();\n\t\t\t\t<\/script>\n[\/vc_column][\/vc_row][vc_row type=&#8220;in_container&#8220; full_screen_row_position=&#8220;middle&#8220; equal_height=&#8220;yes&#8220; content_placement=&#8220;middle&#8220; scene_position=&#8220;center&#8220; text_color=&#8220;light&#8220; text_align=&#8220;left&#8220; overlay_strength=&#8220;0.3&#8243; shape_divider_position=&#8220;bottom&#8220; shape_type=&#8220;&#8220;][vc_column column_padding=&#8220;padding-6-percent&#8220; column_padding_position=&#8220;all&#8220; background_color=&#8220;#223d66&#8243; background_color_opacity=&#8220;1&#8243; background_hover_color_opacity=&#8220;1&#8243; column_shadow=&#8220;none&#8220; column_border_radius=&#8220;none&#8220; width=&#8220;1\/2&#8243; tablet_text_alignment=&#8220;default&#8220; phone_text_alignment=&#8220;default&#8220; column_border_width=&#8220;none&#8220; column_border_style=&#8220;solid&#8220;][vc_column_text]\n<h2 class=\"hsmall\">Mit zielorientierten Konzepten von 3P Automation zur idealen L\u00f6sung<\/h2>\n<p>Die Einsatzbereiche von Automatisierungsprozessen sind in der modernen Industrie vielf\u00e4ltig und in den verschiedensten Branchen zu finden. Daher haben wir bei 3P Automation unser Leistungsangebot breit aufgestellt, um Ihnen rund um die Automatisierung in Ihrem Unternehmen ma\u00dfgeschneiderte Ideen, Konzeptionen und die richtige Technik bieten zu k\u00f6nnen. Beginnend mit einer individuellen und fachspezifischen Beratung \u00fcber Engineering-Dienstleistungen bis hin zum umfangreichen technischen Support helfen wir Ihnen, effizienter, schneller und zuverl\u00e4ssiger zu agieren.<\/p>\n<p>Verschaffen Sie sich einen \u00dcberblick \u00fcber unsere Dienstleistungen und finden Sie das Passende: Gemeinsam holen wir aus Ihren Voraussetzungen das Beste heraus.[\/vc_column_text][\/vc_column][vc_column column_padding=&#8220;padding-3-percent&#8220; column_padding_position=&#8220;all&#8220; background_color_opacity=&#8220;1&#8243; background_color_hover=&#8220;#ffffff&#8220; background_hover_color_opacity=&#8220;0.2&#8243; background_image=&#8220;590&#8243; column_shadow=&#8220;none&#8220; column_border_radius=&#8220;none&#8220; width=&#8220;1\/2&#8243; tablet_text_alignment=&#8220;center&#8220; phone_text_alignment=&#8220;center&#8220; column_border_width=&#8220;none&#8220; column_border_style=&#8220;dotted&#8220;][nectar_btn size=&#8220;large&#8220; button_style=&#8220;regular&#8220; button_color_2=&#8220;Extra-Color-2&#8243; color_override=&#8220;#ffffff&#8220; icon_family=&#8220;default_arrow&#8220; el_class=&#8220;color03 buttonstil&#8220; text=&#8220;Beratung&#8220; url=&#8220;\/dienstleistungen\/beratung\/&#8220;][divider line_type=&#8220;No Line&#8220; custom_height=&#8220;2&#8243;][nectar_btn size=&#8220;large&#8220; button_style=&#8220;regular&#8220; button_color_2=&#8220;Accent-Color&#8220; icon_family=&#8220;default_arrow&#8220; el_class=&#8220;color05&#8243; text=&#8220;Engineering&#8220; url=&#8220;\/dienstleistungen\/engineering\/&#8220;][divider line_type=&#8220;No Line&#8220; custom_height=&#8220;2&#8243;][nectar_btn size=&#8220;large&#8220; button_style=&#8220;regular&#8220; button_color_2=&#8220;Extra-Color-2&#8243; color_override=&#8220;#ffffff&#8220; icon_family=&#8220;default_arrow&#8220; el_class=&#8220;color03 buttonstil&#8220; text=&#8220;Bestandssysteme&#8220; url=&#8220;\/dienstleistungen\/bestandssysteme\/&#8220;][divider line_type=&#8220;No Line&#8220; custom_height=&#8220;2&#8243;][nectar_btn size=&#8220;large&#8220; button_style=&#8220;regular&#8220; button_color_2=&#8220;Accent-Color&#8220; icon_family=&#8220;default_arrow&#8220; el_class=&#8220;color05&#8243; text=&#8220;Technischer Support&#8220; url=&#8220;\/dienstleistungen\/technischer-support\/&#8220;][divider line_type=&#8220;No Line&#8220; custom_height=&#8220;2&#8243;][nectar_btn size=&#8220;large&#8220; button_style=&#8220;regular&#8220; button_color_2=&#8220;Extra-Color-2&#8243; color_override=&#8220;#ffffff&#8220; icon_family=&#8220;default_arrow&#8220; el_class=&#8220;color03 buttonstil&#8220; text=&#8220;Inbetriebnahme und Optimierung&#8220; url=&#8220;\/dienstleistungen\/inbetriebnahme-und-optimierung\/&#8220;][divider line_type=&#8220;No Line&#8220; custom_height=&#8220;2&#8243;][nectar_btn size=&#8220;large&#8220; button_style=&#8220;regular&#8220; button_color_2=&#8220;Accent-Color&#8220; icon_family=&#8220;default_arrow&#8220; el_class=&#8220;color05&#8243; text=&#8220;After Sales Service&#8220; url=&#8220;\/dienstleistungen\/after-sales-service\/&#8220;][\/vc_column][\/vc_row][vc_row type=&#8220;in_container&#8220; full_screen_row_position=&#8220;middle&#8220; bg_color=&#8220;#ffffff&#8220; scene_position=&#8220;center&#8220; text_color=&#8220;light&#8220; text_align=&#8220;left&#8220; overlay_strength=&#8220;0.8&#8243; shape_divider_position=&#8220;bottom&#8220; shape_type=&#8220;&#8220;][vc_column column_padding=&#8220;padding-5-percent&#8220; column_padding_position=&#8220;all&#8220; background_color=&#8220;#eaeaeb&#8220; background_color_opacity=&#8220;1&#8243; background_color_hover=&#8220;#e5e5e5&#8243; background_hover_color_opacity=&#8220;1&#8243; column_shadow=&#8220;none&#8220; column_border_radius=&#8220;none&#8220; width=&#8220;1\/1&#8243; tablet_text_alignment=&#8220;default&#8220; phone_text_alignment=&#8220;default&#8220; column_border_width=&#8220;none&#8220; column_border_color=&#8220;#223d66&#8243; column_border_style=&#8220;solid&#8220;][vc_row_inner column_margin=&#8220;default&#8220; text_align=&#8220;left&#8220;][vc_column_inner column_padding=&#8220;no-extra-padding&#8220; column_padding_position=&#8220;all&#8220; background_color_opacity=&#8220;1&#8243; background_hover_color_opacity=&#8220;1&#8243; column_shadow=&#8220;none&#8220; column_border_radius=&#8220;none&#8220; width=&#8220;1\/3&#8243; column_border_width=&#8220;none&#8220; column_border_style=&#8220;solid&#8220;][image_with_animation image_url=&#8220;18&#8243; alignment=&#8220;center&#8220; animation=&#8220;Fade In&#8220; border_radius=&#8220;none&#8220; box_shadow=&#8220;none&#8220; max_width=&#8220;100%&#8220;][\/vc_column_inner][vc_column_inner column_padding=&#8220;no-extra-padding&#8220; column_padding_position=&#8220;all&#8220; background_color_opacity=&#8220;1&#8243; background_hover_color_opacity=&#8220;1&#8243; column_shadow=&#8220;none&#8220; column_border_radius=&#8220;none&#8220; width=&#8220;2\/3&#8243; column_border_width=&#8220;none&#8220; column_border_style=&#8220;solid&#8220;][vc_column_text el_class=&#8220;higlight01&#8243;]\n<h2 class=\"hmedium color03\">Sie haben Fragen zu unserem Dienstleistungsangebot und unseren Produkten?<\/h2>\n[divider line_type=&#8220;No Line&#8220; custom_height=&#8220;25&#8243;]\n<a class=\"nectar-button n-sc-button large extra-color-1 regular-button\"  href=\"\/kontakt\/\" data-color-override=\"false\" data-hover-color-override=\"false\" data-hover-text-color-override=\"#fff\"><span>Kontaktieren Sie uns!<\/span><\/a>[\/vc_column_text][\/vc_column_inner][\/vc_row_inner][\/vc_column][\/vc_row]\n","protected":false},"excerpt":{"rendered":"<p>[vc_row type=&#8220;in_container&#8220; full_screen_row_position=&#8220;middle&#8220; scene_position=&#8220;center&#8220; text_color=&#8220;dark&#8220; text_align=&#8220;left&#8220; overlay_strength=&#8220;0.3&#8243; shape_divider_position=&#8220;bottom&#8220;][vc_column column_padding=&#8220;no-extra-padding&#8220; column_padding_position=&#8220;all&#8220; background_color_opacity=&#8220;1&#8243; background_hover_color_opacity=&#8220;1&#8243; column_shadow=&#8220;none&#8220; column_border_radius=&#8220;none&#8220; width=&#8220;1\/1&#8243; tablet_text_alignment=&#8220;default&#8220; phone_text_alignment=&#8220;default&#8220; column_border_width=&#8220;none&#8220; column_border_style=&#8220;solid&#8220;][\/vc_column][\/vc_row][vc_row type=&#8220;in_container&#8220; full_screen_row_position=&#8220;middle&#8220; equal_height=&#8220;yes&#8220; content_placement=&#8220;middle&#8220; scene_position=&#8220;center&#8220; text_color=&#8220;light&#8220; text_align=&#8220;left&#8220; overlay_strength=&#8220;0.3&#8243; shape_divider_position=&#8220;bottom&#8220; shape_type=&#8220;&#8220;][vc_column column_padding=&#8220;padding-6-percent&#8220;&#8230;<\/p>\n","protected":false},"author":1,"featured_media":0,"parent":0,"menu_order":0,"comment_status":"closed","ping_status":"closed","template":"","meta":{"footnotes":""},"class_list":["post-28","page","type-page","status-publish"],"yoast_head":"<!-- This site is optimized with the Yoast SEO plugin v27.2 - https:\/\/yoast.com\/product\/yoast-seo-wordpress\/ -->\n<title>3P Automation \u2013 Dienstleistungen rund um die Automatisierung.<\/title>\n<meta name=\"description\" content=\"3P Automation bietet ein breites Dienstleistungsangebot, das von Beratung \u00fcber Engineering bis zum technischen Support reicht. Alles f\u00fcr Ihre Automatisierung.\" \/>\n<meta name=\"robots\" content=\"index, follow, max-snippet:-1, max-image-preview:large, max-video-preview:-1\" \/>\n<link rel=\"canonical\" href=\"https:\/\/www.3p-automation.de\/de\/dienstleistungen\/\" \/>\n<meta property=\"og:locale\" content=\"de_DE\" \/>\n<meta property=\"og:type\" content=\"article\" \/>\n<meta property=\"og:title\" content=\"3P Automation \u2013 Dienstleistungen rund um die Automatisierung.\" \/>\n<meta property=\"og:description\" content=\"3P Automation bietet ein breites Dienstleistungsangebot, das von Beratung \u00fcber Engineering bis zum technischen Support reicht. Alles f\u00fcr Ihre Automatisierung.\" \/>\n<meta property=\"og:url\" content=\"https:\/\/www.3p-automation.de\/de\/dienstleistungen\/\" \/>\n<meta property=\"og:site_name\" content=\"3P Automation\" \/>\n<meta property=\"article:modified_time\" content=\"2018-02-20T13:12:49+00:00\" \/>\n<meta name=\"twitter:card\" content=\"summary_large_image\" \/>\n<meta name=\"twitter:label1\" content=\"Gesch\u00e4tzte Lesezeit\" \/>\n\t<meta name=\"twitter:data1\" content=\"4\u00a0Minuten\" \/>\n<script type=\"application\/ld+json\" class=\"yoast-schema-graph\">{\"@context\":\"https:\/\/schema.org\",\"@graph\":[{\"@type\":\"WebPage\",\"@id\":\"https:\/\/www.3p-automation.de\/de\/dienstleistungen\/\",\"url\":\"https:\/\/www.3p-automation.de\/de\/dienstleistungen\/\",\"name\":\"3P Automation \u2013 Dienstleistungen rund um die Automatisierung.\",\"isPartOf\":{\"@id\":\"https:\/\/www.3p-automation.de\/de\/#website\"},\"datePublished\":\"2018-01-10T14:07:32+00:00\",\"dateModified\":\"2018-02-20T13:12:49+00:00\",\"description\":\"3P Automation bietet ein breites Dienstleistungsangebot, das von Beratung \u00fcber Engineering bis zum technischen Support reicht. Alles f\u00fcr Ihre Automatisierung.\",\"breadcrumb\":{\"@id\":\"https:\/\/www.3p-automation.de\/de\/dienstleistungen\/#breadcrumb\"},\"inLanguage\":\"de\",\"potentialAction\":[{\"@type\":\"ReadAction\",\"target\":[\"https:\/\/www.3p-automation.de\/de\/dienstleistungen\/\"]}]},{\"@type\":\"BreadcrumbList\",\"@id\":\"https:\/\/www.3p-automation.de\/de\/dienstleistungen\/#breadcrumb\",\"itemListElement\":[{\"@type\":\"ListItem\",\"position\":1,\"name\":\"Startseite\",\"item\":\"https:\/\/www.3p-automation.de\/de\/\"},{\"@type\":\"ListItem\",\"position\":2,\"name\":\"Dienstleistungen\"}]},{\"@type\":\"WebSite\",\"@id\":\"https:\/\/www.3p-automation.de\/de\/#website\",\"url\":\"https:\/\/www.3p-automation.de\/de\/\",\"name\":\"3P Automation\",\"description\":\"\",\"potentialAction\":[{\"@type\":\"SearchAction\",\"target\":{\"@type\":\"EntryPoint\",\"urlTemplate\":\"https:\/\/www.3p-automation.de\/de\/?s={search_term_string}\"},\"query-input\":{\"@type\":\"PropertyValueSpecification\",\"valueRequired\":true,\"valueName\":\"search_term_string\"}}],\"inLanguage\":\"de\"}]}<\/script>\n<!-- \/ Yoast SEO plugin. -->","yoast_head_json":{"title":"3P Automation \u2013 Dienstleistungen rund um die Automatisierung.","description":"3P Automation bietet ein breites Dienstleistungsangebot, das von Beratung \u00fcber Engineering bis zum technischen Support reicht. Alles f\u00fcr Ihre Automatisierung.","robots":{"index":"index","follow":"follow","max-snippet":"max-snippet:-1","max-image-preview":"max-image-preview:large","max-video-preview":"max-video-preview:-1"},"canonical":"https:\/\/www.3p-automation.de\/de\/dienstleistungen\/","og_locale":"de_DE","og_type":"article","og_title":"3P Automation \u2013 Dienstleistungen rund um die Automatisierung.","og_description":"3P Automation bietet ein breites Dienstleistungsangebot, das von Beratung \u00fcber Engineering bis zum technischen Support reicht. Alles f\u00fcr Ihre Automatisierung.","og_url":"https:\/\/www.3p-automation.de\/de\/dienstleistungen\/","og_site_name":"3P Automation","article_modified_time":"2018-02-20T13:12:49+00:00","twitter_card":"summary_large_image","twitter_misc":{"Gesch\u00e4tzte Lesezeit":"4\u00a0Minuten"},"schema":{"@context":"https:\/\/schema.org","@graph":[{"@type":"WebPage","@id":"https:\/\/www.3p-automation.de\/de\/dienstleistungen\/","url":"https:\/\/www.3p-automation.de\/de\/dienstleistungen\/","name":"3P Automation \u2013 Dienstleistungen rund um die Automatisierung.","isPartOf":{"@id":"https:\/\/www.3p-automation.de\/de\/#website"},"datePublished":"2018-01-10T14:07:32+00:00","dateModified":"2018-02-20T13:12:49+00:00","description":"3P Automation bietet ein breites Dienstleistungsangebot, das von Beratung \u00fcber Engineering bis zum technischen Support reicht. Alles f\u00fcr Ihre Automatisierung.","breadcrumb":{"@id":"https:\/\/www.3p-automation.de\/de\/dienstleistungen\/#breadcrumb"},"inLanguage":"de","potentialAction":[{"@type":"ReadAction","target":["https:\/\/www.3p-automation.de\/de\/dienstleistungen\/"]}]},{"@type":"BreadcrumbList","@id":"https:\/\/www.3p-automation.de\/de\/dienstleistungen\/#breadcrumb","itemListElement":[{"@type":"ListItem","position":1,"name":"Startseite","item":"https:\/\/www.3p-automation.de\/de\/"},{"@type":"ListItem","position":2,"name":"Dienstleistungen"}]},{"@type":"WebSite","@id":"https:\/\/www.3p-automation.de\/de\/#website","url":"https:\/\/www.3p-automation.de\/de\/","name":"3P Automation","description":"","potentialAction":[{"@type":"SearchAction","target":{"@type":"EntryPoint","urlTemplate":"https:\/\/www.3p-automation.de\/de\/?s={search_term_string}"},"query-input":{"@type":"PropertyValueSpecification","valueRequired":true,"valueName":"search_term_string"}}],"inLanguage":"de"}]}},"_links":{"self":[{"href":"https:\/\/www.3p-automation.de\/de\/wp-json\/wp\/v2\/pages\/28","targetHints":{"allow":["GET"]}}],"collection":[{"href":"https:\/\/www.3p-automation.de\/de\/wp-json\/wp\/v2\/pages"}],"about":[{"href":"https:\/\/www.3p-automation.de\/de\/wp-json\/wp\/v2\/types\/page"}],"author":[{"embeddable":true,"href":"https:\/\/www.3p-automation.de\/de\/wp-json\/wp\/v2\/users\/1"}],"replies":[{"embeddable":true,"href":"https:\/\/www.3p-automation.de\/de\/wp-json\/wp\/v2\/comments?post=28"}],"version-history":[{"count":214,"href":"https:\/\/www.3p-automation.de\/de\/wp-json\/wp\/v2\/pages\/28\/revisions"}],"predecessor-version":[{"id":658,"href":"https:\/\/www.3p-automation.de\/de\/wp-json\/wp\/v2\/pages\/28\/revisions\/658"}],"wp:attachment":[{"href":"https:\/\/www.3p-automation.de\/de\/wp-json\/wp\/v2\/media?parent=28"}],"curies":[{"name":"wp","href":"https:\/\/api.w.org\/{rel}","templated":true}]}}